{"id":2,"date":"2014-04-15T09:30:29","date_gmt":"2014-04-15T09:30:29","guid":{"rendered":"http:\/\/powergps.pl\/obsluga\/?page_id=2"},"modified":"2020-02-21T18:48:48","modified_gmt":"2020-02-21T17:48:48","slug":"przykladowa-strona","status":"publish","type":"page","link":"http:\/\/powergps.pl\/obsluga\/","title":{"rendered":"Start"},"content":{"rendered":"<h2>Witamy na stronie serwisowej<\/h2>\n<p>Wybierz czego szukasz:<\/p>\n<h3><a href=\"http:\/\/powergps.pl\/obsluga\/juz-jest-udostepniamy-powergpsa\/\"><b>Wpis informacyjny o udost\u0119pnieniu aplikacji w serii I<\/b><\/a><\/h3>\n<h3><a href=\"http:\/\/powergps.pl\/obsluga\/powergps-vs-polref-odslona-pierwsza\/\"><b>Walidacja i por\u00f3wnanie wynik\u00f3w pomiaru PowerGPS na punkcie POLREF<\/b><\/a><\/h3>\n<h3><a href=\"http:\/\/powergps.pl\/pobierz\"><b>Pobieranie (download)<\/b> &#8211; pobierz aktualn\u0105 wersj\u0119 programu<\/a><\/h3>\n<h3><a href=\"http:\/\/powergps.pl\/obsluga\/serwisy-podkladow-geoportale-aktualne-informacje\/\"><b>Serwisy podk\u0142ad\u00f3w mapowych (geoportale)<\/b> &#8211; stan bie\u017c\u0105cy<\/h3>\n<p> &#8211; sprawd\u017a, je\u015bli obserwujesz problemy z pobieraniem kafelk\u00f3w np. geoportalu (ortofotomapy, katastru)<\/p>\n","protected":false},"excerpt":{"rendered":"<p>Witamy na stronie serwisowej Wybierz czego szukasz: Wpis informacyjny o udost\u0119pnieniu aplikacji w serii I Walidacja i por\u00f3wnanie wynik\u00f3w pomiaru PowerGPS na punkcie POLREF Pobieranie (download) &#8211; pobierz aktualn\u0105 wersj\u0119<\/p>\n","protected":false},"author":1,"featured_media":0,"parent":0,"menu_order":0,"comment_status":"closed","ping_status":"closed","template":"","meta":[],"_links":{"self":[{"href":"http:\/\/powergps.pl\/obsluga\/wp-json\/wp\/v2\/pages\/2"}],"collection":[{"href":"http:\/\/powergps.pl\/obsluga\/wp-json\/wp\/v2\/pages"}],"about":[{"href":"http:\/\/powergps.pl\/obsluga\/wp-json\/wp\/v2\/types\/page"}],"author":[{"embeddable":true,"href":"http:\/\/powergps.pl\/obsluga\/wp-json\/wp\/v2\/users\/1"}],"replies":[{"embeddable":true,"href":"http:\/\/powergps.pl\/obsluga\/wp-json\/wp\/v2\/comments?post=2"}],"version-history":[{"count":21,"href":"http:\/\/powergps.pl\/obsluga\/wp-json\/wp\/v2\/pages\/2\/revisions"}],"predecessor-version":[{"id":2059,"href":"http:\/\/powergps.pl\/obsluga\/wp-json\/wp\/v2\/pages\/2\/revisions\/2059"}],"wp:attachment":[{"href":"http:\/\/powergps.pl\/obsluga\/wp-json\/wp\/v2\/media?parent=2"}],"curies":[{"name":"wp","href":"https:\/\/api.w.org\/{rel}","templated":true}]}}