{"id":2020,"date":"2018-12-24T01:09:41","date_gmt":"2018-12-24T00:09:41","guid":{"rendered":"http:\/\/powergps.pl\/obsluga\/?page_id=2020"},"modified":"2018-12-24T01:09:41","modified_gmt":"2018-12-24T00:09:41","slug":"uprawnienia-w-androidzie-pomocne-w-uruchamianiu-aplikacji","status":"publish","type":"page","link":"http:\/\/powergps.pl\/obsluga\/uprawnienia-w-androidzie-pomocne-w-uruchamianiu-aplikacji\/","title":{"rendered":"Uprawnienia w Androidzie pomocne w uruchamianiu aplikacji"},"content":{"rendered":"<p>Je\u015bli znajdziemy si\u0119 w sytuacji, w kt\u00f3rej po uruchomieniu programu system wy\u015bwietli komunikat o jej awarii lub zamkni\u0119ciu i ponowne otwarcie aplikacji nic nie da, a posiadasz system Android co najmniej w wersji 6 &#8211; przeczytaj ten wpis, zaoszcz\u0119dzi Ci troch\u0119 czasu!<!--more--><\/p>\n<h2>Uprawnienia Android<\/h2>\n<p>Od czasu wydania Android 6 obserwowana jest coraz wi\u0119ksza ingerencja systemu w aplikacje. Sprawia to, i\u017c dla r\u00f3\u017cnych aplikacji mo\u017cna sterowa\u0107 uprawnieniami, jakie dana aplikacja otrzyma, jednak\u017ce mo\u017ce si\u0119 to wi\u0105za\u0107 z odm\u00f3wieniem przez system danej funkcjonalno\u015bci. I jest problem.<\/p>\n<p>Aby go zlokalizowa\u0107 przechodzimy do ustawie\u0144 Androida, do sekcji Aplikacje i Mened\u017cera aplikacji. Tam odszukujemy wis <b>PowerGPS II<\/b> i klikamy go. Nast\u0119pnie klik na <b>Uprawnienia \/ pozwolenia<\/b> i otrzymujemy taki widok:<\/p>\n<p><img loading=\"lazy\" class=\"aligncenter  wp-image-2021\" src=\"http:\/\/powergps.pl\/obsluga\/wp-content\/uploads\/2018\/12\/uprawienia-brak.png\" alt=\"\" width=\"444\" height=\"460\" srcset=\"http:\/\/powergps.pl\/obsluga\/wp-content\/uploads\/2018\/12\/uprawienia-brak.png 720w, http:\/\/powergps.pl\/obsluga\/wp-content\/uploads\/2018\/12\/uprawienia-brak-290x300.png 290w\" sizes=\"(max-width: 444px) 100vw, 444px\" \/><\/p>\n<p>Taki ekran symbolizuje brak nadanych uprawnie\u0144. Nawet je\u015bli aplikacja mia\u0142a ustawione uprawnienia (wszystkie) to po jej instalacji system i tak je &#8222;zresetuje&#8221;. Dlatego te\u017c w tym miejscu robimy poprawk\u0119 i akceptujemy pozwolenia:<\/p>\n<p><img loading=\"lazy\" class=\"aligncenter  wp-image-2022\" src=\"http:\/\/powergps.pl\/obsluga\/wp-content\/uploads\/2018\/12\/uprawnienia-tak.png\" alt=\"\" width=\"443\" height=\"443\" srcset=\"http:\/\/powergps.pl\/obsluga\/wp-content\/uploads\/2018\/12\/uprawnienia-tak.png 716w, http:\/\/powergps.pl\/obsluga\/wp-content\/uploads\/2018\/12\/uprawnienia-tak-150x150.png 150w, http:\/\/powergps.pl\/obsluga\/wp-content\/uploads\/2018\/12\/uprawnienia-tak-300x300.png 300w\" sizes=\"(max-width: 443px) 100vw, 443px\" \/><\/p>\n<p>&nbsp;<\/p>\n<p>Teraz zamykamy ustawienia Androida i uruchamiamy PowerGPS raz jeszcze. Teraz powinno ju\u017c gra\u0107!<\/p>\n","protected":false},"excerpt":{"rendered":"<p>Je\u015bli znajdziemy si\u0119 w sytuacji, w kt\u00f3rej po uruchomieniu programu system wy\u015bwietli komunikat o jej awarii lub zamkni\u0119ciu i ponowne otwarcie aplikacji nic nie da, a posiadasz system Android co<\/p>\n","protected":false},"author":1,"featured_media":0,"parent":0,"menu_order":0,"comment_status":"closed","ping_status":"closed","template":"","meta":[],"_links":{"self":[{"href":"http:\/\/powergps.pl\/obsluga\/wp-json\/wp\/v2\/pages\/2020"}],"collection":[{"href":"http:\/\/powergps.pl\/obsluga\/wp-json\/wp\/v2\/pages"}],"about":[{"href":"http:\/\/powergps.pl\/obsluga\/wp-json\/wp\/v2\/types\/page"}],"author":[{"embeddable":true,"href":"http:\/\/powergps.pl\/obsluga\/wp-json\/wp\/v2\/users\/1"}],"replies":[{"embeddable":true,"href":"http:\/\/powergps.pl\/obsluga\/wp-json\/wp\/v2\/comments?post=2020"}],"version-history":[{"count":1,"href":"http:\/\/powergps.pl\/obsluga\/wp-json\/wp\/v2\/pages\/2020\/revisions"}],"predecessor-version":[{"id":2023,"href":"http:\/\/powergps.pl\/obsluga\/wp-json\/wp\/v2\/pages\/2020\/revisions\/2023"}],"wp:attachment":[{"href":"http:\/\/powergps.pl\/obsluga\/wp-json\/wp\/v2\/media?parent=2020"}],"curies":[{"name":"wp","href":"https:\/\/api.w.org\/{rel}","templated":true}]}}