{"id":2037,"date":"2020-02-15T01:35:09","date_gmt":"2020-02-15T00:35:09","guid":{"rendered":"http:\/\/powergps.pl\/obsluga\/?page_id=2037"},"modified":"2020-02-15T01:36:34","modified_gmt":"2020-02-15T00:36:34","slug":"jak-podpiac-wlasne-dzwieki-w-powergps","status":"publish","type":"page","link":"http:\/\/powergps.pl\/obsluga\/jak-podpiac-wlasne-dzwieki-w-powergps\/","title":{"rendered":"Jak podpi\u0105\u0107 w\u0142asne d\u017awi\u0119ki w PowerGPS"},"content":{"rendered":"<p>Pocz\u0105wszy od wersji 2.18 wprowadzono mo\u017cliwo\u015b\u0107 odtwarzania w\u0142asnych d\u017awi\u0119k\u00f3w &#8211; w odpowiedzi na potrzeby u\u017cytkownik\u00f3w, kt\u00f3rym np. z r\u00f3\u017cnych wzgl\u0119d\u00f3w (np. zbyt cichy\/s\u0142aby d\u017awi\u0119k) odpowiada\u0142oby bardziej, gdyby da\u0142o si\u0119 te d\u017awi\u0119ki podmieni\u0107.<\/p>\n<p>Aby ustawi\u0107 w\u0142asny d\u017awi\u0119k nale\u017cy:<\/p>\n<ul>\n<li>utworzy\u0107 katalog Sounds w podkatalogu \\PowerGPSv2\\Data\n<li>wgra\u0107 plik o rozszerzeniu WAV do tego katalogu (<b>\\PowerGPSv2\\Data\\Sounds<\/b>)\n<\/ul>\n<p>D\u017awi\u0119k musi mie\u0107 odpowiedni\u0105 nazw\u0119 &#8211; dla przyk\u0142adu:<\/p>\n<ul>\n<li><b>ButtonClick.Wav<\/b> &#8211; odpowiada za d\u017awi\u0119ki klikania\n<li><b>GPS-PointAdded.Wav<\/b> &#8211; odpowiada za d\u017awi\u0119k wydawany po zapisie pikiety\n<li><b>GPS-SolutionLost.Wav<\/b> &#8211; wtedy gdy GPS utraci rozwi\u0105zanie\n<li><b>GPS-SolutionChangedToSPS.Wav<\/b> &#8211; gdy GPS wchodzi w tryb autonomiczny\/SPS\n<li><b>GPS-SolutionChangedToDGPS.Wav<\/b> &#8211; gdy GPS wchodzi w tryb r\u00f3\u017cnicowy DGPS\n<li><b>GPS-SolutionChangedToFLOAT.Wav<\/b> &#8211; gdy GPS wchodzi w tryb RTK FLOAT\n<li><b>GPS-SolutionChangedToFIX.Wav<\/b> &#8211; gdy GPS wchodzi w tryb RTK FIXED\n<li><b>DM-Measured.Wav<\/b> &#8211; gdy pomiar dalmierzem zostanie zako\u0144czony\n<\/ul>\n","protected":false},"excerpt":{"rendered":"<p>Pocz\u0105wszy od wersji 2.18 wprowadzono mo\u017cliwo\u015b\u0107 odtwarzania w\u0142asnych d\u017awi\u0119k\u00f3w &#8211; w odpowiedzi na potrzeby u\u017cytkownik\u00f3w, kt\u00f3rym np. z r\u00f3\u017cnych wzgl\u0119d\u00f3w (np. zbyt cichy\/s\u0142aby d\u017awi\u0119k) odpowiada\u0142oby bardziej, gdyby da\u0142o si\u0119 te<\/p>\n","protected":false},"author":1,"featured_media":0,"parent":0,"menu_order":0,"comment_status":"closed","ping_status":"closed","template":"","meta":[],"_links":{"self":[{"href":"http:\/\/powergps.pl\/obsluga\/wp-json\/wp\/v2\/pages\/2037"}],"collection":[{"href":"http:\/\/powergps.pl\/obsluga\/wp-json\/wp\/v2\/pages"}],"about":[{"href":"http:\/\/powergps.pl\/obsluga\/wp-json\/wp\/v2\/types\/page"}],"author":[{"embeddable":true,"href":"http:\/\/powergps.pl\/obsluga\/wp-json\/wp\/v2\/users\/1"}],"replies":[{"embeddable":true,"href":"http:\/\/powergps.pl\/obsluga\/wp-json\/wp\/v2\/comments?post=2037"}],"version-history":[{"count":3,"href":"http:\/\/powergps.pl\/obsluga\/wp-json\/wp\/v2\/pages\/2037\/revisions"}],"predecessor-version":[{"id":2040,"href":"http:\/\/powergps.pl\/obsluga\/wp-json\/wp\/v2\/pages\/2037\/revisions\/2040"}],"wp:attachment":[{"href":"http:\/\/powergps.pl\/obsluga\/wp-json\/wp\/v2\/media?parent=2037"}],"curies":[{"name":"wp","href":"https:\/\/api.w.org\/{rel}","templated":true}]}}