{"id":2052,"date":"2020-02-21T18:38:42","date_gmt":"2020-02-21T17:38:42","guid":{"rendered":"http:\/\/powergps.pl\/obsluga\/?page_id=2052"},"modified":"2020-02-21T18:57:06","modified_gmt":"2020-02-21T17:57:06","slug":"serwisy-podkladow-geoportale-aktualne-informacje","status":"publish","type":"page","link":"http:\/\/powergps.pl\/obsluga\/serwisy-podkladow-geoportale-aktualne-informacje\/","title":{"rendered":"Serwisy podk\u0142ad\u00f3w (geoportale) &#8211; aktualne informacje"},"content":{"rendered":"<p>Na tej stronie dowiesz si\u0119, jak wygl\u0105da sytuacja w zakresie podk\u0142ad\u00f3w (a przynajmniej jak wygl\u0105da sytuacja, gdy realizowali\u015bmy weryfikacj\u0119 funkcjonalno\u015bci tych kwestii).<\/p>\n<p>Stan na dzie\u0144: <b>2020-02-21<\/b><\/p>\n<p>Od czasu do czasu dostajemy info, albo sami si\u0119 przekonujemy o problemach z dost\u0119pem do serwisu Geoportalu. Tak te\u017c by\u0142o w ostatnim czasie.<\/p>\n<h2>Status\u00f3w serwis\u00f3w TMS\/WMS<\/h2>\n<p>W aktualnej wersji 2.18 (wydanie rozwojowe RD10 z dnia 2020-02-21) serwisy TMS i WMS zosta\u0142y zweryfikowane pod k\u0105tem poprawno\u015bci pobierania i wy\u015bwietlania danych.<\/p>\n<p>Cze\u015b\u0107 serwis\u00f3w zosta\u0142a usuni\u0119ta, z powodu braku dzia\u0142ania serwera (np. Landsat).<\/p>\n<p>W przypadku serwis\u00f3w oferowanych w ramach Geoportalu potwierdzono problemy z dzia\u0142aniem cz\u0119\u015bci serwis\u00f3w. Wygl\u0105da na to, \u017ce w obecnej sytuacji geoportal w z\u0142y spos\u00f3b obs\u0142uguje specyfikacj\u0119 WMS &#8211; co objawia si\u0119:<\/p>\n<ul>\n<li>brakiem informacji o dost\u0119pnych warstwach\n<li>brakiem mo\u017cliwo\u015bci pobrania informacji o us\u0142udze\n<li>wskazanie konkretnych warstw nie powoduje pobrania kafelk\u00f3w\n<li>dostarcza kafelki bez danych (bia\u0142e) (np. serwis Ortofotomapy)\n<\/ul>\n<p>W\/w problemy nie dotycz\u0105 wszystkich us\u0142ug.<br \/>\nNiestety &#8211; serwis Kataster nie b\u0119dzie ju\u017c dost\u0119pny z powod\u00f3w wy\u017cej wymienionych.<br \/>\nPozytywna informacja &#8211; Geoportal oferuje ortofotomap\u0119 wysokiej rozdzielczo\u015bci, kt\u00f3ra zosta\u0142a dodana do listy obs\u0142ugiwanych serwis\u00f3w.<\/p>\n<h2>Podsumowanie wprowadzonych zmian<\/h2>\n<ul>\n<li>zaktualizowano list\u0119 serwis\u00f3w TMS\/WMS\n<li>zostawiono serwisy, kt\u00f3re dostarczaj\u0105 tylko bia\u0142e kafelki (by\u0107 mo\u017ce jest to przej\u015bciowy problem po stronie geoportalu) &#8211; np. Ortofotomapa\n<li>dodano serwis Ortofotomapa HQ (wysokiej rozdzielczo\u015bci) &#8211; \u0142aduje si\u0119 w obecnej sytuacji, ale serwis nie obejmuje ca\u0142ej powierzchni Polski.\n<\/ul>\n<p>Aby zresetowa\u0107 ustawienia, nale\u017cy zainstalowa\u0107 najnowsz\u0105 wersj\u0119 rozwojow\u0105 2.18 RD10 z dnia 2020-02-21:<\/p>\n<p><a href=\"http:\/\/rtk24.net\/rozwojowe\/218\">http:\/\/rtk24.net\/rozwojowe\/218<\/a><\/p>\n<p>nast\u0119pnie wej\u015b\u0107 w podk\u0142ady i klikn\u0105\u0107 &#8222;Przywr\u00f3\u0107 domy\u015blne&#8221;.<\/p>\n<h2>Czy trzeba robi\u0107 aktualizacj\u0119?<\/h2>\n<p>Serwisy WMS mo\u017cna dodawa\u0107 do PowerGPS, nawet w starszej wersji (np. 2.16, 2.17), wi\u0119c nie jest to wym\u00f3g.<br \/>\nMo\u017cesz pobra\u0107 ten plik:<br \/>\n<a href=\"http:\/\/powergps.pl\/files\/ImageryServices.xml\">Plik ImageryServices.xml<\/a> (kliknij prawym przyciskiem myszy i wybierz <b>zapisz element docelowy jako<\/b>) i umie\u015bci\u0107 go w katalogu <strong>\\PowerGPSv2\\Settings<\/strong>, a nast\u0119pnie zrestartowa\u0107 aplikacj\u0119. Po uruchomieniu us\u0142ugi b\u0119d\u0105 dost\u0119pne w wersji zaktualizowanej.<\/p>\n","protected":false},"excerpt":{"rendered":"<p>Na tej stronie dowiesz si\u0119, jak wygl\u0105da sytuacja w zakresie podk\u0142ad\u00f3w (a przynajmniej jak wygl\u0105da sytuacja, gdy realizowali\u015bmy weryfikacj\u0119 funkcjonalno\u015bci tych kwestii). Stan na dzie\u0144: 2020-02-21 Od czasu do czasu<\/p>\n","protected":false},"author":1,"featured_media":0,"parent":0,"menu_order":0,"comment_status":"closed","ping_status":"closed","template":"","meta":[],"_links":{"self":[{"href":"http:\/\/powergps.pl\/obsluga\/wp-json\/wp\/v2\/pages\/2052"}],"collection":[{"href":"http:\/\/powergps.pl\/obsluga\/wp-json\/wp\/v2\/pages"}],"about":[{"href":"http:\/\/powergps.pl\/obsluga\/wp-json\/wp\/v2\/types\/page"}],"author":[{"embeddable":true,"href":"http:\/\/powergps.pl\/obsluga\/wp-json\/wp\/v2\/users\/1"}],"replies":[{"embeddable":true,"href":"http:\/\/powergps.pl\/obsluga\/wp-json\/wp\/v2\/comments?post=2052"}],"version-history":[{"count":8,"href":"http:\/\/powergps.pl\/obsluga\/wp-json\/wp\/v2\/pages\/2052\/revisions"}],"predecessor-version":[{"id":2054,"href":"http:\/\/powergps.pl\/obsluga\/wp-json\/wp\/v2\/pages\/2052\/revisions\/2054"}],"wp:attachment":[{"href":"http:\/\/powergps.pl\/obsluga\/wp-json\/wp\/v2\/media?parent=2052"}],"curies":[{"name":"wp","href":"https:\/\/api.w.org\/{rel}","templated":true}]}}