{"id":2281,"date":"2020-10-20T17:18:44","date_gmt":"2020-10-20T15:18:44","guid":{"rendered":"http:\/\/powergps.pl\/obsluga\/?page_id=2281"},"modified":"2020-10-20T17:20:14","modified_gmt":"2020-10-20T15:20:14","slug":"brak-geoid-do-wyboru","status":"publish","type":"page","link":"http:\/\/powergps.pl\/obsluga\/brak-geoid-do-wyboru\/","title":{"rendered":"Brak geoid do wyboru"},"content":{"rendered":"<p>Je\u015bli w programie ujrzysz co\u015b takiego:<br \/>\n<img loading=\"lazy\" class=\"wp-image-2282 aligncenter\" src=\"http:\/\/powergps.pl\/obsluga\/wp-content\/uploads\/2020\/10\/brak-geoidy-1.png\" alt=\"\" width=\"314\" height=\"351\" srcset=\"http:\/\/powergps.pl\/obsluga\/wp-content\/uploads\/2020\/10\/brak-geoidy-1.png 536w, http:\/\/powergps.pl\/obsluga\/wp-content\/uploads\/2020\/10\/brak-geoidy-1-268x300.png 268w\" sizes=\"(max-width: 314px) 100vw, 314px\" \/><br \/>\nto zdasz sobie spraw\u0119, i\u017c nie ma mo\u017cliwo\u015bci wybrania modelu geoidy.<\/p>\n<p>Co si\u0119 sta\u0142o? Czy oznacza to uszkodzenie plik\u00f3w geoidy na kontrolerze? Jak to rozwi\u0105za\u0107?<\/p>\n<h2>Kwestia ustawie\u0144<\/h2>\n<p>Je\u015bli plik ustawie\u0144 definiuj\u0105cy zestaw geoid zosta\u0142 uszkodzony, lista nie b\u0119dzie dost\u0119pna.<br \/>\nAby m\u00f3c j\u0105 przywr\u00f3ci\u0107 przejd\u017a do katalogu \\PowerGPSv2\\Settings i skasuj plik Loader.xml:<\/p>\n<div id=\"attachment_2283\" style=\"width: 364px\" class=\"wp-caption aligncenter\"><img aria-describedby=\"caption-attachment-2283\" loading=\"lazy\" class=\"wp-image-2283\" src=\"http:\/\/powergps.pl\/obsluga\/wp-content\/uploads\/2020\/10\/usun-loader.png\" alt=\"\" width=\"354\" height=\"234\" srcset=\"http:\/\/powergps.pl\/obsluga\/wp-content\/uploads\/2020\/10\/usun-loader.png 605w, http:\/\/powergps.pl\/obsluga\/wp-content\/uploads\/2020\/10\/usun-loader-300x198.png 300w\" sizes=\"(max-width: 354px) 100vw, 354px\" \/><p id=\"caption-attachment-2283\" class=\"wp-caption-text\">Usuwanie pliku przy pomocy aplikacji Total Commander na Androida<\/p><\/div>\n<p>Wykonaj to przy wy\u0142\u0105czonej aplikacji.<br \/>\nPo skasowaniu i uruchomieniu &#8211; geoidy powinny by\u0107 dost\u0119pne do wyboru:<\/p>\n<div id=\"attachment_2284\" style=\"width: 399px\" class=\"wp-caption aligncenter\"><img aria-describedby=\"caption-attachment-2284\" loading=\"lazy\" class=\"wp-image-2284\" src=\"http:\/\/powergps.pl\/obsluga\/wp-content\/uploads\/2020\/10\/jest-geoida.png\" alt=\"\" width=\"389\" height=\"396\" srcset=\"http:\/\/powergps.pl\/obsluga\/wp-content\/uploads\/2020\/10\/jest-geoida.png 786w, http:\/\/powergps.pl\/obsluga\/wp-content\/uploads\/2020\/10\/jest-geoida-295x300.png 295w, http:\/\/powergps.pl\/obsluga\/wp-content\/uploads\/2020\/10\/jest-geoida-768x782.png 768w\" sizes=\"(max-width: 389px) 100vw, 389px\" \/><p id=\"caption-attachment-2284\" class=\"wp-caption-text\">Wykaz geoid z finalnej wersji 2.18 (wi\u0119ksza liczba geoid, obejmuj\u0105ca modyfikacj\u0119 w zakresie uk\u0142adu krakowskiego)<\/p><\/div>\n<h2>Kwestia plik\u00f3w geoid<\/h2>\n<p>Je\u015bli po wykonaniu wy\u017cej wymienionych krok\u00f3w dalej obserwowany jest problem z dost\u0119pem do geoid, przejd\u017a do katalogu \\PowerGPSv2\\Data i skasuj ca\u0142y katalog \\Geoids.<br \/>\nPo ponownym uruchomieniu programu, pliki geoid zostan\u0105 odtworzone i dost\u0119p do nich powinien by\u0107 mo\u017cliwy.<\/p>\n","protected":false},"excerpt":{"rendered":"<p>Je\u015bli w programie ujrzysz co\u015b takiego: to zdasz sobie spraw\u0119, i\u017c nie ma mo\u017cliwo\u015bci wybrania modelu geoidy. Co si\u0119 sta\u0142o? Czy oznacza to uszkodzenie plik\u00f3w geoidy na kontrolerze? Jak to<\/p>\n","protected":false},"author":1,"featured_media":0,"parent":0,"menu_order":0,"comment_status":"closed","ping_status":"closed","template":"","meta":[],"_links":{"self":[{"href":"http:\/\/powergps.pl\/obsluga\/wp-json\/wp\/v2\/pages\/2281"}],"collection":[{"href":"http:\/\/powergps.pl\/obsluga\/wp-json\/wp\/v2\/pages"}],"about":[{"href":"http:\/\/powergps.pl\/obsluga\/wp-json\/wp\/v2\/types\/page"}],"author":[{"embeddable":true,"href":"http:\/\/powergps.pl\/obsluga\/wp-json\/wp\/v2\/users\/1"}],"replies":[{"embeddable":true,"href":"http:\/\/powergps.pl\/obsluga\/wp-json\/wp\/v2\/comments?post=2281"}],"version-history":[{"count":4,"href":"http:\/\/powergps.pl\/obsluga\/wp-json\/wp\/v2\/pages\/2281\/revisions"}],"predecessor-version":[{"id":2288,"href":"http:\/\/powergps.pl\/obsluga\/wp-json\/wp\/v2\/pages\/2281\/revisions\/2288"}],"wp:attachment":[{"href":"http:\/\/powergps.pl\/obsluga\/wp-json\/wp\/v2\/media?parent=2281"}],"curies":[{"name":"wp","href":"https:\/\/api.w.org\/{rel}","templated":true}]}}