{"id":2353,"date":"2020-11-21T03:57:29","date_gmt":"2020-11-21T02:57:29","guid":{"rendered":"http:\/\/powergps.pl\/obsluga\/?page_id=2353"},"modified":"2020-11-21T04:35:36","modified_gmt":"2020-11-21T03:35:36","slug":"android10","status":"publish","type":"page","link":"http:\/\/powergps.pl\/obsluga\/android10\/","title":{"rendered":"Wsparcie systemu Android 10"},"content":{"rendered":"<p>PowerGPS w domy\u015blnej wersji PRO jest dedykowany g\u0142\u00f3wnie dla system\u00f3w 4-9.<br \/>\nMaj\u0105c aplikacj\u0119 w wersjach 2.16 i rozwojowej 2.17 aplikacja powinna dzia\u0142a\u0107 na systemach do 8.1<br \/>\nPocz\u0105wszy od rozwojowych wersji 2.18, aplikacja funkcjonowa\u0142a do wersji 9. Niestety na Android 10 aplikacja nie uruchamia\u0142a si\u0119 na ka\u017cdej z wcze\u015bniejszych wersji &#8211; wyst\u0105pi\u0142a konieczno\u015b\u0107 dostosowania.<\/p>\n<h2>PowerGPS i Android 10<\/h2>\n<p>Pocz\u0105wszy od oficjalnej publikacji wersji 2.18 (wydanie z dnia 2020-11-20) wprowadzona zosta\u0142a obs\u0142uga systemu Android 10.<br \/>\nPrzy czym, z uwagi na konieczno\u015b\u0107 pozyskania \u015brodk\u00f3w na dalszy rozw\u00f3j w obr\u0119bie tej i kolejnych wersji <strong>obs\u0142uga PowerGPS w tym systemie wymaga zakupu bezterminowego modu\u0142u A10 na dane stanowisko<\/strong>.<\/p>\n<h2>Jak zakupi\u0107 modu\u0142 A10 (Android 10)?<\/h2>\n<p>Zakupu mo\u017cna dokona\u0107 korzystaj\u0105c z <a href=\"http:\/\/powergps.pl\/zakup?opt=s101\">formularza zam\u00f3wienia &#8211; tutaj<\/a>.<\/p>\n<h2>Zmiana z Androida 4-9 na Android 10<\/h2>\n<p>Jak wygl\u0105da taka zmiana?<\/p>\n<h4>Samoczynnie zaktualizowany system do 10 (bez resetu fabrycznego)<\/h4>\n<p>Je\u015bli Tw\u00f3j telefon samoczynnie lub r\u0119cznie zostanie zaktualizowany do nowej wersji:<\/p>\n<ol>\n<li>je\u015bli posiadasz modu\u0142 na tym stanowisku, aplikacja po aktualizacji powinna si\u0119 normalnie uruchomi\u0107\n<li>je\u015bli nie posiadasz modu\u0142u, zostanie wy\u015bwietlony stosowny komunikat o konieczno\u015bci zakupu modu\u0142u\n<li>po dokonaniu zakupu (i informacji od nas, \u017ce modu\u0142 jest dost\u0119pny) wystarczy w\u0142\u0105czy\u0107 aplikacj\u0119 (maj\u0105c dost\u0119pny internet) &#8211; modu\u0142 zostanie aktywowany i aplikacja powinna dzia\u0142a\u0107 w Android 10\n<\/ol>\n<h4>Samoczynnie zaktualizowany system do 10 (z resetem fabrycznym)<\/h4>\n<p>Je\u015bli Tw\u00f3j telefon samoczynnie lub r\u0119cznie zostanie zaktualizowany do nowej wersji, ale b\u0119dzie si\u0119 z tym wi\u0105za\u0107 reset do ustawie\u0144 fabrycznych:<\/p>\n<ol>\n<li>instalujesz PowerGPS:\n<ul>\n<li>otwierasz przegl\u0105dark\u0119 internetow\u0105 w Androidzie, wpisujesz <b>powergps.pl<\/b>, po otwarciu strony klikasz na ikonk\u0119 z trzema paskami i wybierasz sekcj\u0119 <b>Pobierz<\/b> (mo\u017cesz te\u017c od razu wpisa\u0107 ca\u0142y adres <b>powergps.pl\/pobierz<\/b>)\n<li>ze strony projektowej PowerGPS pobierasz <b>Instalator APK<\/b>, kt\u00f3ry po pobraniu uruchamiasz\n<p>lub<\/p>\n<li>korzystaj\u0105c z kabla USB i modu\u0142u Synchronizacji w Raportach GPS (opcja szybsza i automatycznie nadaj\u0105ca uprawnienia) &#8211; <a href=\"http:\/\/powergps.pl\/obsluga\/instalacja-aktualizacja-powergps\/\">link do strony z opisem<\/a>\n<\/ul>\n<li>po instalacji wchodzisz w Ustawienia Androida i nadajesz<br \/>\n <a href=\"http:\/\/powergps.pl\/obsluga\/uprawnienia-w-androidzie-pomocne-w-uruchamianiu-aplikacji\/\">r\u0119cznie uprawnienia<\/a><\/p>\n<li>je\u015bli nie posiadasz modu\u0142u, zostanie wy\u015bwietlony stosowny komunikat o konieczno\u015bci zakupu modu\u0142u\n<li>po dokonaniu zakupu (i informacji od nas, \u017ce modu\u0142 jest dost\u0119pny) wystarczy w\u0142\u0105czy\u0107 aplikacj\u0119 (maj\u0105c dost\u0119pny internet) &#8211; modu\u0142 zostanie aktywowany i aplikacja powinna dzia\u0142a\u0107 w Android 10\n<\/ol>\n<h4>Przesiadka z jednego sprz\u0119tu na inny<\/h4>\n<ol>\n<li>kupujesz nowy kontroler z Androidem 10 &#8211; sprawdzasz go na wersji demonstracyjnej (gdzie modu\u0142 A10 jest domy\u015blnie w\u0142\u0105czony)\n<li>je\u015bli nie ma problem\u00f3w z funkcjonowaniem na wersji &#8211; kontaktujesz si\u0119 z nami w celu przepisania licencji na nowe urz\u0105dzenie i zam\u00f3wienia modu\u0142u A10\n<li>ze starego urz\u0105dzenia kopiujesz ca\u0142y katalog <b>\\PowerGPSv2<\/b>\n<li>na nowym urz\u0105dzeniu zast\u0119pujesz katalog <b>\\PowerGPSv2<\/b> pobrany z poprzedniego urz\u0105dzenia (mo\u017cesz wykorzysta\u0107 do obu punkt\u00f3w modu\u0142 Synchronizacji w RaportachGPS, je\u015bli posiadasz licencj\u0119 na program Windows)\n<li>na nowym urz\u0105dzeniu wprowadzasz od\u015bwie\u017cony kod (zaktualizowany o modu\u0142 A10) i aplikacja powinna wystartowa\u0107 na Androidzie 10 z aktywnym modu\u0142em A10 z wcze\u015bniejszymi ustawieniami i projektami\n<\/ol>\n<h2>Pytania i odpowiedzi<\/h2>\n<\/p>\n<ul>\n<li><strong>Jaki rodzaj wsparcia jest \u015bwiadczony dla tego modu\u0142u?<\/strong>\n<p>Podobnie jak w przypadku zakupu wersji bazowej (RTK PowerGPS II PRO), wsparcie jest \u015bwiadczone w zakresie <a href=\"http:\/\/powergps.pl\/pomoc\">podstawowym<\/a>, niegwarantowanym. Tradycyjnie, jak od wielu lat, kolejne aktualizacje w ramach tej samej serii s\u0105 bezp\u0142atne i dotycz\u0105 one r\u00f3wnie\u017c funkcjonalno\u015bci modu\u0142u A10.<\/p>\n<\/li>\n<li><strong>Co je\u015bli kupi\u0119 telefon z Androidem 10 i PowerGPS na nim nie ruszy?<\/strong>\n<p>W takim przypadku prosimy o <a href=\"http:\/\/powergps.pl\/kontakt\">kontakt<\/a>, z opisaniem sytuacji.<\/p>\n<\/li>\n<li><strong>Jaki jest zalecany sprz\u0119t z Androidem 10?<\/strong>\n<p>My testujemy g\u0142\u00f3wnie na Samsung Galaxy TabA 10&#8243;<\/p>\n<\/li>\n<li><strong>Czy modu\u0142 Synchronizacji w RaportachGPS funkcjonuje z Androidem 10?<\/strong>\n<p>Tak, nie notowali\u015bmy problem\u00f3w z po\u0142\u0105czeniem, synchronizacj\u0105 przez USB i instalacj\u0105 nowych wersji.<\/p>\n<\/li>\n<li><strong>Czy jest mo\u017cliwa synchronizacja z dyskiem sieciowym na Androidzie 10?<\/strong>\n<p>Tak, nie notowali\u015bmy problem\u00f3w z tym zwi\u0105zanych (tradycyjnie nale\u017cy w nazwach projektu unika\u0107 polskich liter i znak\u00f3w specjalnych).<\/p>\n<\/li>\n<li><strong>Czy modu\u0142 jest dost\u0119pny dla licencji abonamentowej?<\/strong>\n<p>Tak, przy czym modu\u0142 jest p\u0142atny jednorazowo dla danego stanowiska.<\/p>\n<\/li>\n<li><strong>Zmieniam telefon w ramach licencji abonamentowej, czy modu\u0142 zostanie przepisany?<\/strong>\n<p>Tak, zostanie przypisany do aktualnego kontrolera oraz usuni\u0119ty z licencji na poprzednie stanowisko (poprzedni kontroler).<\/p>\n<\/li>\n<li><strong>Czy modu\u0142 umo\u017cliwi funkcjonowanie aplikacji w systemie Android 11?<\/strong>\n<p>By\u0107 mo\u017ce, niestety nie mieli\u015bmy jeszcze okazji prowadzi\u0107 dostosowania do tej wersji systemu. Pocz\u0105wszy od wydania oficjalnego 2.18, PowerGPS posiada tryb zgodno\u015bci, kt\u00f3ry umo\u017cliwia uruchomienie aplikacji z modu\u0142em A10 &#8211; w trybie zgodno\u015bci z Android 10. Skontaktuj si\u0119 z nami, je\u015bli obserwujesz sukces lub problem w pracy z tym systemem.<\/p>\n<p>.<\/li>\n<\/ul>\n","protected":false},"excerpt":{"rendered":"<p>PowerGPS w domy\u015blnej wersji PRO jest dedykowany g\u0142\u00f3wnie dla system\u00f3w 4-9. Maj\u0105c aplikacj\u0119 w wersjach 2.16 i rozwojowej 2.17 aplikacja powinna dzia\u0142a\u0107 na systemach do 8.1 Pocz\u0105wszy od rozwojowych wersji<\/p>\n","protected":false},"author":1,"featured_media":0,"parent":0,"menu_order":0,"comment_status":"closed","ping_status":"closed","template":"","meta":[],"_links":{"self":[{"href":"http:\/\/powergps.pl\/obsluga\/wp-json\/wp\/v2\/pages\/2353"}],"collection":[{"href":"http:\/\/powergps.pl\/obsluga\/wp-json\/wp\/v2\/pages"}],"about":[{"href":"http:\/\/powergps.pl\/obsluga\/wp-json\/wp\/v2\/types\/page"}],"author":[{"embeddable":true,"href":"http:\/\/powergps.pl\/obsluga\/wp-json\/wp\/v2\/users\/1"}],"replies":[{"embeddable":true,"href":"http:\/\/powergps.pl\/obsluga\/wp-json\/wp\/v2\/comments?post=2353"}],"version-history":[{"count":33,"href":"http:\/\/powergps.pl\/obsluga\/wp-json\/wp\/v2\/pages\/2353\/revisions"}],"predecessor-version":[{"id":2386,"href":"http:\/\/powergps.pl\/obsluga\/wp-json\/wp\/v2\/pages\/2353\/revisions\/2386"}],"wp:attachment":[{"href":"http:\/\/powergps.pl\/obsluga\/wp-json\/wp\/v2\/media?parent=2353"}],"curies":[{"name":"wp","href":"https:\/\/api.w.org\/{rel}","templated":true}]}}