{"id":435,"date":"2014-07-27T12:01:55","date_gmt":"2014-07-27T10:01:55","guid":{"rendered":"http:\/\/powergps.pl\/obsluga\/?page_id=435"},"modified":"2014-08-06T00:22:32","modified_gmt":"2014-08-05T22:22:32","slug":"instalacja-programu","status":"publish","type":"page","link":"http:\/\/powergps.pl\/obsluga\/instalacja-programu\/","title":{"rendered":"Instalacja programu"},"content":{"rendered":"<p>Instalacja PowerGPS sprowadza si\u0119 do \u015bci\u0105gni\u0119cia dedykowanej dla danego systemu paczki z instalatorem &#8211; <a href=\"http:\/\/powergps.pl\/pobierz\"><strong>z tej strony<\/strong><\/a> i zainstalowaniu jej.<\/p>\n<p>Z uwagi na fakt, i\u017c obecnie udost\u0119pniamy wersj\u0119 testow\u0105- nie b\u0119dzie komunikatu z pytaniem czy uruchomi\u0107 wersj\u0119 demo, jak to ma miejsce w innych naszych aplikacjach. Szczeg\u00f3\u0142y <a href=\"http:\/\/powergps.pl\/obsluga\/juz-jest-udostepniamy-powergpsa\">mo\u017cna zobaczy\u0107 w tym wpisie<\/a>.<\/p>\n<p>Udost\u0119pniana wersja posiada zar\u00f3wno opcj\u0119 obs\u0142ugi wbudowanego w Androida GPS, jak i obs\u0142uguje wybrane modele precyzyjnych RTK.<\/p>\n<div class=\"winver\"><img loading=\"lazy\" class=\"aligncenter size-full verimage\" src=\"http:\/\/powergps.pl\/assets\/img\/ver-win.png\" alt=\"Post\u0119powanie dla wersji Windows PC\" width=\"150\" height=\"30\" \/><br \/>\nW przypadku wersji Windows <strong>\u015bci\u0105gamy plik *.exe<\/strong> i uruchamiamy go. Po w\u0142\u0105czeniu si\u0119 instalatora post\u0119pujemy zgodnie ze wskazaniami instalatora. Po instalacji na pulpicie dost\u0119pna b\u0119dzie ikona programu, kt\u00f3rej klikni\u0119cie uruchomi aplikacj\u0119.<\/div>\n<div class=\"andver\"><img loading=\"lazy\" class=\"aligncenter size-full verimage\" src=\"http:\/\/powergps.pl\/assets\/img\/ver-and.png\" alt=\"Post\u0119powanie dla wersji Android\" width=\"150\" height=\"30\" \/><br \/>\nW przypadku wersji Android <strong>\u015bci\u0105gamy plik *.apk<\/strong>, ale zanim go uruchomimy, musimy upewni\u0107 si\u0119, i\u017c system zezwala na instalacj\u0119 aplikacji spoza sklepu Google Play.Wchodzimy zatem do ustawie\u0144 Androida, przechodzimy do sekcji <strong>Bezpiecze\u0144stwo<\/strong> i zaznaczamy opcj\u0119 <strong>Nieznane \u017ar\u00f3d\u0142a<\/strong>.<a href=\"http:\/\/powergps.pl\/obsluga\/wp-content\/uploads\/2014\/07\/zrodla.png\"><img loading=\"lazy\" class=\"aligncenter wp-image-436 size-full\" src=\"http:\/\/powergps.pl\/obsluga\/wp-content\/uploads\/2014\/07\/zrodla.png\" alt=\"zrodla\" width=\"320\" height=\"385\" srcset=\"http:\/\/powergps.pl\/obsluga\/wp-content\/uploads\/2014\/07\/zrodla.png 320w, http:\/\/powergps.pl\/obsluga\/wp-content\/uploads\/2014\/07\/zrodla-249x300.png 249w\" sizes=\"(max-width: 320px) 100vw, 320px\" \/><\/a>W tym momencie mo\u017cemy ju\u017c swobodnie uruchomi\u0107 instalator aplikacji (plik APK), zapozna\u0107 si\u0119 z wymaganymi uprawnieniami, zaakceptowa\u0107 je i zako\u0144czy\u0107 pomy\u015blnie instalacj\u0119.Po instalacji, na li\u015bcie aplikacji znajdzie si\u0119 pozycja RTK PowerGPS.<\/p>\n<\/div>\n","protected":false},"excerpt":{"rendered":"<p>Instalacja PowerGPS sprowadza si\u0119 do \u015bci\u0105gni\u0119cia dedykowanej dla danego systemu paczki z instalatorem &#8211; z tej strony i zainstalowaniu jej. Z uwagi na fakt, i\u017c obecnie udost\u0119pniamy wersj\u0119 testow\u0105- nie<\/p>\n","protected":false},"author":1,"featured_media":0,"parent":0,"menu_order":0,"comment_status":"open","ping_status":"open","template":"","meta":[],"_links":{"self":[{"href":"http:\/\/powergps.pl\/obsluga\/wp-json\/wp\/v2\/pages\/435"}],"collection":[{"href":"http:\/\/powergps.pl\/obsluga\/wp-json\/wp\/v2\/pages"}],"about":[{"href":"http:\/\/powergps.pl\/obsluga\/wp-json\/wp\/v2\/types\/page"}],"author":[{"embeddable":true,"href":"http:\/\/powergps.pl\/obsluga\/wp-json\/wp\/v2\/users\/1"}],"replies":[{"embeddable":true,"href":"http:\/\/powergps.pl\/obsluga\/wp-json\/wp\/v2\/comments?post=435"}],"version-history":[{"count":24,"href":"http:\/\/powergps.pl\/obsluga\/wp-json\/wp\/v2\/pages\/435\/revisions"}],"predecessor-version":[{"id":512,"href":"http:\/\/powergps.pl\/obsluga\/wp-json\/wp\/v2\/pages\/435\/revisions\/512"}],"wp:attachment":[{"href":"http:\/\/powergps.pl\/obsluga\/wp-json\/wp\/v2\/media?parent=435"}],"curies":[{"name":"wp","href":"https:\/\/api.w.org\/{rel}","templated":true}]}}