{"id":513,"date":"2014-08-06T02:51:15","date_gmt":"2014-08-06T00:51:15","guid":{"rendered":"http:\/\/powergps.pl\/obsluga\/?page_id=513"},"modified":"2014-08-06T02:59:45","modified_gmt":"2014-08-06T00:59:45","slug":"konfiguracja-ustawien-powergps","status":"publish","type":"page","link":"http:\/\/powergps.pl\/obsluga\/konfiguracja-ustawien-powergps\/","title":{"rendered":"Konfiguracja ustawie\u0144 PowerGPS"},"content":{"rendered":"<p><img loading=\"lazy\" class=\"alignright  wp-image-514\" src=\"http:\/\/powergps.pl\/obsluga\/wp-content\/uploads\/2014\/08\/opcje-ikona.png\" alt=\"opcje-ikona\" width=\"146\" height=\"77\" \/>Zmiana parametr\u00f3w pracy programu mo\u017ce by\u0107 dokonywana:<\/p>\n<ul>\n<li>z poziomu interfejsu (klikaj\u0105c odpowiednie ikony)<\/li>\n<li>z poziomu ustawie\u0144 aplikacji<\/li>\n<\/ul>\n<p>Cz\u0119\u015b\u0107 opcji mo\u017cna konfigurowa\u0107 na oba sposoby, <img loading=\"lazy\" class=\"alignright wp-image-515 \" src=\"http:\/\/powergps.pl\/obsluga\/wp-content\/uploads\/2014\/08\/opcje-rozwin.png\" alt=\"opcje-rozwin\" width=\"112\" height=\"277\" srcset=\"http:\/\/powergps.pl\/obsluga\/wp-content\/uploads\/2014\/08\/opcje-rozwin.png 143w, http:\/\/powergps.pl\/obsluga\/wp-content\/uploads\/2014\/08\/opcje-rozwin-121x300.png 121w\" sizes=\"(max-width: 112px) 100vw, 112px\" \/>jednak\u017ce s\u0105 funkcje, kt\u00f3re mo\u017cna ustawi\u0107 wy\u0142\u0105cznie poprzez panel ustawie\u0144 lub tylko z poziomu ikon. Wi\u0119kszo\u015b\u0107 opcji jest dost\u0119pna po klikni\u0119ciu ikony &#8222;Opcje&#8221;.<\/p>\n<p>Po klikni\u0119ciu tego przycisku zostan\u0105 ukazane ikony, umo\u017cliwiaj\u0105ce:<\/p>\n<ul>\n<li>dost\u0119p <strong>do panelu konfiguracyjnego<\/strong> (przycisk &#8222;Ustawienia&#8221;)<\/li>\n<li><strong>szybki dost\u0119p (prze\u0142\u0105czanie)<\/strong> wybranych element\u00f3w konfiguracji (np. uk\u0142adu odniesienia wsp\u00f3\u0142rz\u0119dnych, wy\u015bwietlania kompasu, lunety..itd)<\/li>\n<\/ul>\n<p>W przypadku funkcji &#8222;prostych&#8221; typu kompas lub luneta, <strong>wci\u015bni\u0119cie ikony powoduje zmian\u0119 trybu i ikona zostaje pod\u015bwietlona<\/strong>:<\/p>\n<p style=\"text-align: center;\"><img loading=\"lazy\" src=\"http:\/\/powergps.pl\/obsluga\/wp-content\/uploads\/2014\/08\/luneta-off.png\" alt=\"luneta-off\" width=\"71\" height=\"73\" \/> \u2192 <img loading=\"lazy\" src=\"http:\/\/powergps.pl\/obsluga\/wp-content\/uploads\/2014\/08\/luneta-on.png\" alt=\"luneta-on\" width=\"75\" height=\"73\" \/><\/p>\n<p>W przypadku funkcji wymagaj\u0105cych dodatkowego ekranu opcji (np. ustawie\u0144 uk\u0142adu odniesienia wsp\u00f3\u0142rz\u0119dnych), po klikni\u0119ciu ikony zostanie pokazane odpowiednie okno dialogowe.<\/p>\n<div class=\"andver\"><img loading=\"lazy\" class=\"aligncenter size-full verimage\" src=\"http:\/\/powergps.pl\/assets\/img\/ver-and.png\" alt=\"Post\u0119powanie dla wersji Android\" width=\"150\" height=\"30\" \/><br \/>\nPo klikni\u0119ciu Ustawie\u0144, u\u017cytkownik ujrzy takie oto menu:<br \/>\n<a href=\"http:\/\/powergps.pl\/obsluga\/wp-content\/uploads\/2014\/08\/opcje-ustawienia-and.png\"><img loading=\"lazy\" class=\"aligncenter  wp-image-523\" src=\"http:\/\/powergps.pl\/obsluga\/wp-content\/uploads\/2014\/08\/opcje-ustawienia-and.png\" alt=\"opcje-ustawienia-and\" width=\"357\" height=\"361\" srcset=\"http:\/\/powergps.pl\/obsluga\/wp-content\/uploads\/2014\/08\/opcje-ustawienia-and.png 400w, http:\/\/powergps.pl\/obsluga\/wp-content\/uploads\/2014\/08\/opcje-ustawienia-and-296x300.png 296w\" sizes=\"(max-width: 357px) 100vw, 357px\" \/><\/a><br \/>\nKlikaj\u0105c w poszczeg\u00f3lne pozycje listy, mo\u017cna przej\u015b\u0107 do wybranych grup opcji (np. konfiguracji wy\u015bwietlania, konfiguracji sprz\u0119tu..itd) lub te\u017c ustawi\u0107 konkretn\u0105 opcj\u0119.<br \/>\nAby wyj\u015b\u0107 z menu (akceptuj\u0105c ustawienia) wybieramy przycisk Cofnij\u00a0<a href=\"http:\/\/powergps.pl\/obsluga\/wp-content\/uploads\/2014\/08\/and-back.png\"><img loading=\"lazy\" class=\"alignnone size-full wp-image-525\" src=\"http:\/\/powergps.pl\/obsluga\/wp-content\/uploads\/2014\/08\/and-back.png\" alt=\"and-back\" width=\"78\" height=\"44\" \/><\/a> .<\/div>\n<div class=\"winver\"><img loading=\"lazy\" class=\"aligncenter size-full verimage\" src=\"http:\/\/powergps.pl\/assets\/img\/ver-win.png\" alt=\"Post\u0119powanie dla wersji Windows PC\" width=\"150\" height=\"30\" \/><br \/>\nW przypadku wersji PowerGPS dla Windows, po klikni\u0119ciu ustawie\u0144 (lub wci\u015bni\u0119ciu klawisza F11), wy\u015bwietlone zostan\u0105 zak\u0142adki:<br \/>\n<a href=\"http:\/\/powergps.pl\/obsluga\/wp-content\/uploads\/2014\/08\/opcje-ustawienia-win.png\"><img loading=\"lazy\" class=\"aligncenter  wp-image-526\" src=\"http:\/\/powergps.pl\/obsluga\/wp-content\/uploads\/2014\/08\/opcje-ustawienia-win-300x204.png\" alt=\"opcje-ustawienia-win\" width=\"324\" height=\"220\" srcset=\"http:\/\/powergps.pl\/obsluga\/wp-content\/uploads\/2014\/08\/opcje-ustawienia-win-300x204.png 300w, http:\/\/powergps.pl\/obsluga\/wp-content\/uploads\/2014\/08\/opcje-ustawienia-win.png 859w\" sizes=\"(max-width: 324px) 100vw, 324px\" \/><\/a><br \/>\nZak\u0142adki oferuj\u0105 zmian\u0119 opcji dotycz\u0105cych:<\/p>\n<ul>\n<li>dostosowania interfejsu<\/li>\n<li>dostosowania edytora<\/li>\n<li>jednostek, format\u00f3w i uk\u0142ad\u00f3w odniesienia<\/li>\n<li>konfiguracji sprz\u0119tu do pomiaru odleg\u0142o\u015bci (dalmierza)<\/li>\n<li>konfiguracji g\u0142\u00f3wnego modu\u0142u sprz\u0119towego GPS (#1)<\/li>\n<li>konfiguracji alternatywnego modu\u0142u sprz\u0119towego GPS (#2)<\/li>\n<li>konfiguracji zwi\u0105zanej z RTK i korektami sieciowymi NTRIP<\/li>\n<li>dostosowania funkcji zwi\u0105zanych z komunikacj\u0105 z serwerami danych<\/li>\n<\/ul>\n<\/div>\n<p>Nale\u017cy pami\u0119ta\u0107, i\u017c <strong>zmiana konfiguracji modu\u0142\u00f3w sprz\u0119towych mo\u017cliwa jest dopiero po ich wy\u0142\u0105czeniu<\/strong> &#8211; tak wi\u0119c dla przyk\u0142adu &#8211; je\u015bli korzystamy z GPS i wybrali\u015bmy jeden z modeli lub protoko\u0142\u00f3w GPS (np. NMEA), to aby prze\u0142\u0105czy\u0107 si\u0119 na inny model (np. RTK Kolida K9-T) nale\u017cy wy\u0142\u0105czy\u0107 GPS, dokona\u0107 zmiany, a nast\u0119pnie ponownie w\u0142\u0105czy\u0107 wybrany modu\u0142 GPS.<\/p>\n","protected":false},"excerpt":{"rendered":"<p>Zmiana parametr\u00f3w pracy programu mo\u017ce by\u0107 dokonywana: z poziomu interfejsu (klikaj\u0105c odpowiednie ikony) z poziomu ustawie\u0144 aplikacji Cz\u0119\u015b\u0107 opcji mo\u017cna konfigurowa\u0107 na oba sposoby, jednak\u017ce s\u0105 funkcje, kt\u00f3re mo\u017cna ustawi\u0107<\/p>\n","protected":false},"author":1,"featured_media":0,"parent":0,"menu_order":0,"comment_status":"open","ping_status":"open","template":"","meta":[],"_links":{"self":[{"href":"http:\/\/powergps.pl\/obsluga\/wp-json\/wp\/v2\/pages\/513"}],"collection":[{"href":"http:\/\/powergps.pl\/obsluga\/wp-json\/wp\/v2\/pages"}],"about":[{"href":"http:\/\/powergps.pl\/obsluga\/wp-json\/wp\/v2\/types\/page"}],"author":[{"embeddable":true,"href":"http:\/\/powergps.pl\/obsluga\/wp-json\/wp\/v2\/users\/1"}],"replies":[{"embeddable":true,"href":"http:\/\/powergps.pl\/obsluga\/wp-json\/wp\/v2\/comments?post=513"}],"version-history":[{"count":9,"href":"http:\/\/powergps.pl\/obsluga\/wp-json\/wp\/v2\/pages\/513\/revisions"}],"predecessor-version":[{"id":529,"href":"http:\/\/powergps.pl\/obsluga\/wp-json\/wp\/v2\/pages\/513\/revisions\/529"}],"wp:attachment":[{"href":"http:\/\/powergps.pl\/obsluga\/wp-json\/wp\/v2\/media?parent=513"}],"curies":[{"name":"wp","href":"https:\/\/api.w.org\/{rel}","templated":true}]}}