{"id":63,"date":"2014-04-15T15:39:38","date_gmt":"2014-04-15T13:39:38","guid":{"rendered":"http:\/\/powergps.pl\/obsluga\/?page_id=63"},"modified":"2020-11-21T04:57:38","modified_gmt":"2020-11-21T03:57:38","slug":"aktualizacje","status":"publish","type":"page","link":"http:\/\/powergps.pl\/obsluga\/aktualizacje\/","title":{"rendered":"Aktualizacje"},"content":{"rendered":"<h2>Bie\u017c\u0105ca aktualizacja<\/h2>\n<p>Aktualizacje obecnie s\u0105 dost\u0119pne dla ka\u017cdego u\u017cytkownika. Najnowsza aktualizacja jest zawsze dost\u0119pna na stronie pobierania: <b><a href=\"http:\/\/powergps.pl\/pobierz\">http:\/\/powergps.pl\/pobierz<\/a><\/b><\/p>\n<h2>Historia aktualizacji aktualnej serii II:<\/h2>\n<ul>\n<li>wersja 2.18 wydanie z dnia 2020-11-20 &#8211; poka\u017c <a href=\"http:\/\/powergps.pl\/obsluga\/historia-zmian-wersji-2-18\/\"><b>zakres zmian tej wersji<\/b><\/a><\/li>\n<li>wersja 2.18 wydanie rozwojowe RD19 z dnia 2020-11-02<\/li>\n<li>wersja 2.18 wydanie rozwojowe RD18 z dnia 2020-05-20<\/li>\n<li>wersja 2.18 wydanie rozwojowe RD11 z dnia 2020-02-23<\/li>\n<li>wersja 2.18 wydanie rozwojowe RD10 z dnia 2020-02-21<\/li>\n<li>wersja 2.18 wydanie rozwojowe RD3 z dnia 2020-12-05<\/li>\n<li>wersja 2.17 wydanie rozwojowe RD10 z dnia 2019-10-30 &#8211; poka\u017c <a href=\"http:\/\/powergps.pl\/obsluga\/historia-zmian-wersji-2-17\/\"><b>zakres zmian tej wersji<\/b><\/a><\/li>\n<li>wersja 2.16 wydanie 3 z dnia 2019-07-02\n<li>wersja 2.16 wydanie 2 z dnia 2019-06-27\n<li>wersja 2.16 wydanie z dnia 2019-06-13\n<li>wersja 2.15 wydanie 2 &#8211; z dnia 2019-01-07 &#8211; poka\u017c <a href=\"http:\/\/powergps.pl\/obsluga\/historia-zmian-wersji-2-15\/\"><b>zakres zmian tej wersji<\/b><\/a><\/li>\n<li>wersja 2.15 &#8211; z dnia 2018-12-23 &#8211; poka\u017c <a href=\"http:\/\/powergps.pl\/obsluga\/historia-zmian-wersji-2-15\/\"><b>zakres zmian tej wersji<\/b><\/a><\/li>\n<li>wersja 2.14 wydanie 2 &#8211; z dnia 2018-06-03 &#8211; poka\u017c <a href=\"http:\/\/powergps.pl\/obsluga\/historia-zmian-wersji-2-14\/\"><b>zakres zmian tej wersji<\/b><\/a><\/li>\n<li>wersja 2.14 &#8211; z dnia 2018-05-30 &#8211; poka\u017c <a href=\"http:\/\/powergps.pl\/obsluga\/historia-zmian-wersji-2-14\/\"><b>zakres zmian tej wersji<\/b><\/a><\/li>\n<li>wersja 2.13 wydanie 2 &#8211; z dnia 2018-02-05 &#8211; poka\u017c <a href=\"http:\/\/powergps.pl\/obsluga\/historia-zmian-wersji-2-13\/\"><b>zakres zmian tej wersji<\/b><\/a><\/li>\n<li>wersja 2.13 &#8211; z dnia 2018-02-01 &#8211; poka\u017c <a href=\"http:\/\/powergps.pl\/obsluga\/historia-zmian-wersji-2-13\/\"><b>zakres zmian tej wersji<\/b><\/a><\/li>\n<li>wersja 2.12 wydanie 3 &#8211; z dnia 2017-09-25 &#8211; poka\u017c <a href=\"http:\/\/powergps.pl\/obsluga\/historia-zmian-wersji-2-12\/\"><b>zakres zmian tej wersji<\/b><\/a><\/li>\n<li>wersja 2.12 wydanie 2 &#8211; z dnia 2017-09-20 &#8211; poka\u017c <a href=\"http:\/\/powergps.pl\/obsluga\/historia-zmian-wersji-2-12\/\"><b>zakres zmian tej wersji<\/b><\/a><\/li>\n<li>wersja 2.12 &#8211; z dnia 2017-09-12 &#8211; poka\u017c <a href=\"http:\/\/powergps.pl\/obsluga\/historia-zmian-wersji-2-12\/\"><b>zakres zmian tej wersji<\/b><\/a><\/li>\n<li>wersja 2.11 &#8211; z dnia 2017-03-02 &#8211; poka\u017c <a href=\"http:\/\/powergps.pl\/obsluga\/historia-zmian-wersji-2-11\/\"><b>zakres zmian tej wersji<\/b><\/a><\/li>\n<li>wersja 2.10 wydanie 2 &#8211; z dnia 2016-12-27 &#8211; poka\u017c <a href=\"http:\/\/powergps.pl\/obsluga\/historia-zmian-wersji-2-10\/\"><b>zakres zmian tej wersji<\/b><\/a><\/li>\n<li>wersja 2.10 &#8211; z dnia 2016-12-23 &#8211; poka\u017c <a href=\"http:\/\/powergps.pl\/obsluga\/historia-zmian-wersji-2-10\/\"><b>zakres zmian tej wersji<\/b><\/a><\/li>\n<li>wersja 2.09 wydanie 3 &#8211; z dnia 2016-07-14 &#8211; poka\u017c <a href=\"http:\/\/powergps.pl\/obsluga\/historia-zmian-wersji-2-09\/\"><b>zakres zmian tej wersji<\/b><\/a><\/li>\n<li>wersja 2.09 wydanie 2 &#8211; z dnia 2016-06-24 &#8211; poka\u017c <a href=\"http:\/\/powergps.pl\/obsluga\/historia-zmian-wersji-2-09\/\"><b>zakres zmian tej wersji<\/b><\/a><\/li>\n<li>wersja 2.09 &#8211; z dnia 2016-06-10 &#8211; poka\u017c <a href=\"http:\/\/powergps.pl\/obsluga\/historia-zmian-wersji-2-09\/\"><b>zakres zmian tej wersji<\/b><\/a><\/li>\n<li>wersja 2.08 &#8211; z dnia 2016-05-04 &#8211; poka\u017c <a href=\"http:\/\/powergps.pl\/obsluga\/historia-zmian-wersji-2-08\/\"><b>zakres zmian tej wersji<\/b><\/a><\/li>\n<li>wersja 2.07 &#8211; z dnia 2016-04-26 &#8211; poka\u017c <a href=\"http:\/\/powergps.pl\/obsluga\/historia-zmian-wersji-2-07\/\"><b>zakres zmian tej wersji<\/b><\/a><\/li>\n<li>wersja 2.06 &#8211; z dnia 2016-03-18 &#8211; poka\u017c <a href=\"http:\/\/powergps.pl\/obsluga\/historia-zmian-wersji-2-06\/\"><b>zakres zmian tej wersji<\/b><\/a><\/li>\n<li>wersja 2.05 &#8211; z dnia 2016-02-27 &#8211; oficjalna publikacja serii II RTK PowerGPS (2016) &#8211; poka\u017c <a href=\"http:\/\/powergps.pl\/obsluga\/historia-zmian-wersji-2-05\/\"><b>zakres zmian tej wersji<\/b><\/a><\/li>\n<li>wersja 2.04 &#8211; z dnia 2015-12-29 &#8211; poka\u017c <a href=\"http:\/\/powergps.pl\/obsluga\/historia-zmian-wersji-2-04\/\"><b>zakres zmian tej wersji<\/b><\/a><\/li>\n<li>wersja 2.02 &#8211; z dnia 2015-12-21 &#8211; wersja beta serii II (przedpremiera)<\/li>\n<\/ul>\n<h2>Historia aktualizacji archiwalnej serii I:<\/h2>\n<ul>\n<li>wersja 1.52 &#8211; z dnia 2015-04-28 &#8211; poka\u017c <a href=\"http:\/\/powergps.pl\/obsluga\/historia-zmian-wersji-1-52\/\"><b>zakres zmian tej wersji<\/b><\/a><\/li>\n<li>wersja 1.51 &#8211; z dnia 2015-04-21 &#8211; poka\u017c <a href=\"http:\/\/powergps.pl\/obsluga\/historia-zmian-wersji-1-51\/\"><b>zakres zmian tej wersji<\/b><\/a><\/li>\n<li>wersja 1.50 &#8211; z dnia 2015-04-04 &#8211; oficjalna publikacja wersji finalnej RTK PowerGPS <a href=\"http:\/\/powergps.pl\/obsluga\/historia-zmian-wersji-1-50\/\"><b>zakres zmian tej wersji<\/b><\/a><\/li>\n<li>wersja 1.23 &#8211; z dnia 2014-11-19 &#8211; poka\u017c <a href=\"http:\/\/powergps.pl\/obsluga\/historia-zmian-wersji-1-23\/\"><b>zakres zmian tej wersji<\/b><\/a><\/li>\n<li>wersja 1.22 &#8211; z dnia 2014-11-17 &#8211; poka\u017c <a href=\"http:\/\/powergps.pl\/obsluga\/historia-zmian-wersji-1-22\/\"><b>zakres zmian pomi\u0119dzy 1.16-1.22<\/b><\/a><\/li>\n<li>wersja 1.16 &#8211; z dnia 2014-08-20 &#8211; poka\u017c <a href=\"http:\/\/powergps.pl\/obsluga\/historia-zmian-wersji-1-16\/\"><b>zakres zmian tej wersji<\/b><\/a><\/li>\n<li>wersja 1.15 \u2013 z dnia 2014-07-30 &#8211; pierwsza publikacja wersji testowej RTK PowerGPS na Androida i Windowsa<\/li>\n<\/ul>\n<p>Powy\u017csza lista obejmuje g\u0142\u00f3wnie wydania oficjalne lub istotne rozwojowe (np. je\u015bli nie by\u0142o publikacji oficjalnej). <\/p>\n","protected":false},"excerpt":{"rendered":"<p>Bie\u017c\u0105ca aktualizacja Aktualizacje obecnie s\u0105 dost\u0119pne dla ka\u017cdego u\u017cytkownika. Najnowsza aktualizacja jest zawsze dost\u0119pna na stronie pobierania: http:\/\/powergps.pl\/pobierz Historia aktualizacji aktualnej serii II: wersja 2.18 wydanie z dnia 2020-11-20 &#8211;<\/p>\n","protected":false},"author":1,"featured_media":0,"parent":0,"menu_order":0,"comment_status":"closed","ping_status":"closed","template":"","meta":[],"_links":{"self":[{"href":"http:\/\/powergps.pl\/obsluga\/wp-json\/wp\/v2\/pages\/63"}],"collection":[{"href":"http:\/\/powergps.pl\/obsluga\/wp-json\/wp\/v2\/pages"}],"about":[{"href":"http:\/\/powergps.pl\/obsluga\/wp-json\/wp\/v2\/types\/page"}],"author":[{"embeddable":true,"href":"http:\/\/powergps.pl\/obsluga\/wp-json\/wp\/v2\/users\/1"}],"replies":[{"embeddable":true,"href":"http:\/\/powergps.pl\/obsluga\/wp-json\/wp\/v2\/comments?post=63"}],"version-history":[{"count":65,"href":"http:\/\/powergps.pl\/obsluga\/wp-json\/wp\/v2\/pages\/63\/revisions"}],"predecessor-version":[{"id":2011,"href":"http:\/\/powergps.pl\/obsluga\/wp-json\/wp\/v2\/pages\/63\/revisions\/2011"}],"wp:attachment":[{"href":"http:\/\/powergps.pl\/obsluga\/wp-json\/wp\/v2\/media?parent=63"}],"curies":[{"name":"wp","href":"https:\/\/api.w.org\/{rel}","templated":true}]}}