{"id":805,"date":"2014-08-09T03:18:24","date_gmt":"2014-08-09T01:18:24","guid":{"rendered":"http:\/\/powergps.pl\/obsluga\/?page_id=805"},"modified":"2014-08-09T03:51:22","modified_gmt":"2014-08-09T01:51:22","slug":"jak-ustawic-wysokosc-anteny","status":"publish","type":"page","link":"http:\/\/powergps.pl\/obsluga\/jak-ustawic-wysokosc-anteny\/","title":{"rendered":"Jak ustawi\u0107 wysoko\u015b\u0107 anteny"},"content":{"rendered":"<p><a href=\"http:\/\/powergps.pl\/obsluga\/wp-content\/uploads\/2014\/08\/hant.png\"><img loading=\"lazy\" class=\"alignright size-full wp-image-807\" src=\"http:\/\/powergps.pl\/obsluga\/wp-content\/uploads\/2014\/08\/hant.png\" alt=\"hant\" width=\"53\" height=\"81\" \/><\/a>Wysoko\u015b\u0107 anteny to<strong> jedna z istotniejszych spraw przy precyzyjnych pomiarach GPS RTK<\/strong>.<\/p>\n<p>Punkty mierzone zwykle s\u0105 zlokalizowane na ziemi lub innych obiektach, natomiast antena odbiornika, kt\u00f3rej wysoko\u015b\u0107 ustala si\u0119 w procesie pomiaru jest po\u0142o\u017cona wy\u017cej, z uwagi na tyczk\u0119, na jakiej znajduje si\u0119 sprz\u0119t.<strong> St\u0105d te\u017c wysoko\u015b\u0107 od punktu do anteny (lub wysoko\u015b\u0107 tyczki oraz wysoko\u015b\u0107 sprz\u0119tu) musi by\u0107 znana i wprowadzona do oprogramowania,<\/strong> aby mo\u017cna by\u0142o prawid\u0142owo ustali\u0107 wsp\u00f3\u0142rz\u0119dn\u0105 wysoko\u015bciow\u0105.<\/p>\n<p>PowerGPS oferuje mo\u017cliwo\u015b\u0107 wprowadzenia zar\u00f3wno wysoko\u015bci anteny, jak i wysoko\u015bci tyczki &#8211; zale\u017cnie od potrzeb.<\/p>\n<p><a href=\"http:\/\/powergps.pl\/obsluga\/wp-content\/uploads\/2014\/08\/wysant.png\"><img loading=\"lazy\" class=\"alignright size-full wp-image-809\" src=\"http:\/\/powergps.pl\/obsluga\/wp-content\/uploads\/2014\/08\/wysant.png\" alt=\"wysant\" width=\"67\" height=\"64\" \/><\/a>Aby przej\u015b\u0107 do opcji konfiguracji wysoko\u015bci anteny nale\u017cy rozwin\u0105\u0107 pasek opcji GPS (po klikni\u0119ciu na <strong>Sprz\u0119t<\/strong> oraz ikon\u0119 <strong>GPS<\/strong>) i wybra\u0107 przycisk <strong>Wys. ant.<\/strong><\/p>\n<p>Poka\u017ce si\u0119 w\u00f3wczas okno, pozwalaj\u0105ce na zdefiniowanie wysoko\u015bci anteny lub tyczki:<\/p>\n<div class=\"andver\"><img loading=\"lazy\" class=\"aligncenter size-full verimage\" src=\"http:\/\/powergps.pl\/assets\/img\/ver-and.png\" alt=\"Post\u0119powanie dla wersji Android\" width=\"150\" height=\"30\" \/><br \/>\n<a href=\"http:\/\/powergps.pl\/obsluga\/wp-content\/uploads\/2014\/08\/and-ustant.png\"><img loading=\"lazy\" class=\"aligncenter  wp-image-810\" src=\"http:\/\/powergps.pl\/obsluga\/wp-content\/uploads\/2014\/08\/and-ustant.png\" alt=\"and-ustant\" width=\"274\" height=\"488\" srcset=\"http:\/\/powergps.pl\/obsluga\/wp-content\/uploads\/2014\/08\/and-ustant.png 337w, http:\/\/powergps.pl\/obsluga\/wp-content\/uploads\/2014\/08\/and-ustant-168x300.png 168w\" sizes=\"(max-width: 274px) 100vw, 274px\" \/><\/a><\/div>\n<div class=\"winver\"><img loading=\"lazy\" class=\"aligncenter size-full verimage\" src=\"http:\/\/powergps.pl\/assets\/img\/ver-win.png\" alt=\"Post\u0119powanie dla wersji Windows PC\" width=\"150\" height=\"30\" \/><br \/>\n<a href=\"http:\/\/powergps.pl\/obsluga\/wp-content\/uploads\/2014\/08\/win-ustand.png\"><img loading=\"lazy\" class=\"aligncenter size-full wp-image-811\" src=\"http:\/\/powergps.pl\/obsluga\/wp-content\/uploads\/2014\/08\/win-ustand.png\" alt=\"win-ustand\" width=\"320\" height=\"245\" srcset=\"http:\/\/powergps.pl\/obsluga\/wp-content\/uploads\/2014\/08\/win-ustand.png 320w, http:\/\/powergps.pl\/obsluga\/wp-content\/uploads\/2014\/08\/win-ustand-300x229.png 300w\" sizes=\"(max-width: 320px) 100vw, 320px\" \/><\/a><\/div>\n<p><strong><a href=\"http:\/\/powergps.pl\/obsluga\/wp-content\/uploads\/2014\/08\/wysl1.png\"><img loading=\"lazy\" class=\"alignright wp-image-818 \" src=\"http:\/\/powergps.pl\/obsluga\/wp-content\/uploads\/2014\/08\/wysl1.png\" alt=\"wysl1\" width=\"139\" height=\"135\" \/><\/a>Nale\u017cy pami\u0119ta\u0107, i\u017c dobrze jest przed rozpocz\u0119ciem pomiar\u00f3w pomierzy\u0107 i ustawi\u0107 w oknie wysoko\u015b\u0107 modu\u0142u sprz\u0119towego, aby aplikacja potrafi\u0142a prawid\u0142owo przelicza\u0107 wysoko\u015b\u0107 anteny na wysoko\u015b\u0107 tyczki i odwrotnie.<\/strong><\/p>\n<p>&nbsp;<\/p>\n<p>&nbsp;<\/p>\n<h2>Gdy chcemy ustawi\u0107 wysoko\u015b\u0107 anteny<\/h2>\n<p>W tym przypadku wprowadzamy w polu <strong>Wysoko\u015b\u0107 anteny <\/strong>\u017c\u0105dan\u0105 warto\u015b\u0107 i wciskamy przycisk <strong>Akceptuj<\/strong>.<\/p>\n<p><a href=\"http:\/\/powergps.pl\/obsluga\/wp-content\/uploads\/2014\/08\/and-anth.png\"><img loading=\"lazy\" class=\"aligncenter  wp-image-812\" src=\"http:\/\/powergps.pl\/obsluga\/wp-content\/uploads\/2014\/08\/and-anth.png\" alt=\"and-anth\" width=\"228\" height=\"380\" srcset=\"http:\/\/powergps.pl\/obsluga\/wp-content\/uploads\/2014\/08\/and-anth.png 300w, http:\/\/powergps.pl\/obsluga\/wp-content\/uploads\/2014\/08\/and-anth-180x300.png 180w\" sizes=\"(max-width: 228px) 100vw, 228px\" \/><\/a><\/p>\n<p>Mo\u017cna te\u017c wcisn\u0105\u0107 przycisk <strong>Ustaw<\/strong>, zlokalizowany na wysoko\u015bci zmienianego pola &#8211; w\u00f3wczas otrzymamy szybko informacj\u0119 o przeliczonej wysoko\u015bci tyczki.<\/p>\n<h2>Gdy chcemy ustawi\u0107 wysoko\u015b\u0107 tyczki<\/h2>\n<p><a href=\"http:\/\/powergps.pl\/obsluga\/wp-content\/uploads\/2014\/08\/and-hr.png\"><img loading=\"lazy\" class=\"aligncenter size-medium wp-image-813\" src=\"http:\/\/powergps.pl\/obsluga\/wp-content\/uploads\/2014\/08\/and-hr-180x300.png\" alt=\"and-hr\" width=\"180\" height=\"300\" srcset=\"http:\/\/powergps.pl\/obsluga\/wp-content\/uploads\/2014\/08\/and-hr-180x300.png 180w, http:\/\/powergps.pl\/obsluga\/wp-content\/uploads\/2014\/08\/and-hr.png 300w\" sizes=\"(max-width: 180px) 100vw, 180px\" \/><\/a><\/p>\n<p>W tym przypadku warto\u015b\u0107 wysoko\u015bci wprowadzamy w polu <strong>Wysoko\u015b\u0107 tyczki<\/strong>, a nast\u0119pnie wciskamy przycisk <strong>Ustaw, <\/strong>tu\u017c obok tego pola.<\/p>\n<p><a href=\"http:\/\/powergps.pl\/obsluga\/wp-content\/uploads\/2014\/08\/and-hr2.png\"><img loading=\"lazy\" class=\"aligncenter size-medium wp-image-814\" src=\"http:\/\/powergps.pl\/obsluga\/wp-content\/uploads\/2014\/08\/and-hr2-180x300.png\" alt=\"and-hr2\" width=\"180\" height=\"300\" srcset=\"http:\/\/powergps.pl\/obsluga\/wp-content\/uploads\/2014\/08\/and-hr2-180x300.png 180w, http:\/\/powergps.pl\/obsluga\/wp-content\/uploads\/2014\/08\/and-hr2.png 300w\" sizes=\"(max-width: 180px) 100vw, 180px\" \/><\/a><\/p>\n<p>W efekcie wysoko\u015b\u0107 anteny zostanie przeliczona, a my b\u0119dziemy mogli wcisn\u0105\u0107 przycisk <strong>Akceptuj<\/strong>, aby zatwierdzi\u0107 zmian\u0119.<\/p>\n","protected":false},"excerpt":{"rendered":"<p>Wysoko\u015b\u0107 anteny to jedna z istotniejszych spraw przy precyzyjnych pomiarach GPS RTK. Punkty mierzone zwykle s\u0105 zlokalizowane na ziemi lub innych obiektach, natomiast antena odbiornika, kt\u00f3rej wysoko\u015b\u0107 ustala si\u0119 w<\/p>\n","protected":false},"author":1,"featured_media":0,"parent":0,"menu_order":0,"comment_status":"open","ping_status":"open","template":"","meta":[],"_links":{"self":[{"href":"http:\/\/powergps.pl\/obsluga\/wp-json\/wp\/v2\/pages\/805"}],"collection":[{"href":"http:\/\/powergps.pl\/obsluga\/wp-json\/wp\/v2\/pages"}],"about":[{"href":"http:\/\/powergps.pl\/obsluga\/wp-json\/wp\/v2\/types\/page"}],"author":[{"embeddable":true,"href":"http:\/\/powergps.pl\/obsluga\/wp-json\/wp\/v2\/users\/1"}],"replies":[{"embeddable":true,"href":"http:\/\/powergps.pl\/obsluga\/wp-json\/wp\/v2\/comments?post=805"}],"version-history":[{"count":6,"href":"http:\/\/powergps.pl\/obsluga\/wp-json\/wp\/v2\/pages\/805\/revisions"}],"predecessor-version":[{"id":819,"href":"http:\/\/powergps.pl\/obsluga\/wp-json\/wp\/v2\/pages\/805\/revisions\/819"}],"wp:attachment":[{"href":"http:\/\/powergps.pl\/obsluga\/wp-json\/wp\/v2\/media?parent=805"}],"curies":[{"name":"wp","href":"https:\/\/api.w.org\/{rel}","templated":true}]}}