{"id":821,"date":"2014-08-09T13:05:37","date_gmt":"2014-08-09T11:05:37","guid":{"rendered":"http:\/\/powergps.pl\/obsluga\/?page_id=821"},"modified":"2014-08-09T13:15:12","modified_gmt":"2014-08-09T11:15:12","slug":"jak-ustawic-minimalne-wymagane-parametry-jakosciowe-pomiaru-gps","status":"publish","type":"page","link":"http:\/\/powergps.pl\/obsluga\/jak-ustawic-minimalne-wymagane-parametry-jakosciowe-pomiaru-gps\/","title":{"rendered":"Jak ustawi\u0107 minimalne wymagane parametry jako\u015bciowe pomiaru GPS"},"content":{"rendered":"<p>Pomiar GPS bazuje na sukcesywnych pomiarach po\u0142o\u017cenia. Jednak\u017ce w przypadku ch\u0119ci osi\u0105gni\u0119cia wy\u017cszych precyzji konieczny mo\u017ce by\u0107 <strong>pomiar u\u015bredniany, z\u0142o\u017cony z wi\u0119kszej ilo\u015bci pr\u00f3bek.<\/strong> Powstaje jednak pytanie jakie pr\u00f3bki zbiera\u0107 &#8211; czy wszystkie, czy tylko te oferuj\u0105ce wi\u0119ksz\u0105 precyzj\u0119?<\/p>\n<p>T\u0119 spraw\u0119 w PowerGPS za\u0142atwia za nas filtr GPS. <strong>Filtr pozwala nam kontrolowa\u0107, co trafia do modu\u0142u u\u015bredniania, a tak\u017ce pozwala na ograniczenie dodawania punkt\u00f3w, kt\u00f3re nie spe\u0142niaj\u0105 za\u0142o\u017conych wymaga\u0144<\/strong>.<\/p>\n<p>PowerGPS oferuje mo\u017cliwo\u015b\u0107 wprowadzenia zar\u00f3wno wysoko\u015bci anteny, jak i wysoko\u015bci tyczki \u2013 zale\u017cnie od potrzeb.<\/p>\n<p><a href=\"http:\/\/powergps.pl\/obsluga\/wp-content\/uploads\/2014\/08\/filtr-ikona.png\"><img loading=\"lazy\" class=\"alignright size-full wp-image-822\" src=\"http:\/\/powergps.pl\/obsluga\/wp-content\/uploads\/2014\/08\/filtr-ikona.png\" alt=\"filtr-ikona\" width=\"66\" height=\"68\" \/><\/a>Aby przej\u015b\u0107 do opcji konfiguracji filtra nale\u017cy rozwin\u0105\u0107 pasek opcji GPS (po klikni\u0119ciu na <strong>Sprz\u0119t<\/strong> oraz ikon\u0119 <strong>GPS<\/strong>) i wybra\u0107 przycisk <strong>Filtr.<\/strong><\/p>\n<p>Poka\u017ce si\u0119 w\u00f3wczas okno, pozwalaj\u0105ce na zdefiniowanie parametr\u00f3w filtrowania:<\/p>\n<div class=\"andver\"><img loading=\"lazy\" class=\"aligncenter size-full verimage\" src=\"http:\/\/powergps.pl\/assets\/img\/ver-and.png\" alt=\"Post\u0119powanie dla wersji Android\" width=\"150\" height=\"30\" \/><br \/>\n<a href=\"http:\/\/powergps.pl\/obsluga\/wp-content\/uploads\/2014\/08\/and-filtr.png\"><img loading=\"lazy\" class=\"aligncenter wp-image-823 \" src=\"http:\/\/powergps.pl\/obsluga\/wp-content\/uploads\/2014\/08\/and-filtr.png\" alt=\"and-filtr\" width=\"238\" height=\"491\" srcset=\"http:\/\/powergps.pl\/obsluga\/wp-content\/uploads\/2014\/08\/and-filtr.png 291w, http:\/\/powergps.pl\/obsluga\/wp-content\/uploads\/2014\/08\/and-filtr-145x300.png 145w\" sizes=\"(max-width: 238px) 100vw, 238px\" \/><\/a><\/div>\n<div class=\"winver\"><img loading=\"lazy\" class=\"aligncenter size-full verimage\" src=\"http:\/\/powergps.pl\/assets\/img\/ver-win.png\" alt=\"Post\u0119powanie dla wersji Windows PC\" width=\"150\" height=\"30\" \/><br \/>\n<a href=\"http:\/\/powergps.pl\/obsluga\/wp-content\/uploads\/2014\/08\/win-filtr.png\"><img loading=\"lazy\" class=\"aligncenter  wp-image-824\" src=\"http:\/\/powergps.pl\/obsluga\/wp-content\/uploads\/2014\/08\/win-filtr.png\" alt=\"win-filtr\" width=\"225\" height=\"299\" srcset=\"http:\/\/powergps.pl\/obsluga\/wp-content\/uploads\/2014\/08\/win-filtr.png 272w, http:\/\/powergps.pl\/obsluga\/wp-content\/uploads\/2014\/08\/win-filtr-226x300.png 226w\" sizes=\"(max-width: 225px) 100vw, 225px\" \/><\/a><\/div>\n<h2>Jak ustawia\u0107 filtrowanie?<\/h2>\n<p>Jest to proste. Najpierw <strong>zaznaczamy jaki parametr nas interesuje, nast\u0119pnie opcjonalnie zmieniamy warto\u015b\u0107 tego parametru.<\/strong><\/p>\n<p><strong>W przypadku p\u00f3l zwi\u0105zanych z trybem rozwi\u0105zania wystarczy zaznaczy\u0107 jedn\u0105 lub wiele opcji<\/strong> (brak zaznaczenia opcji w tym zakresie spowoduje niemo\u017cno\u015b\u0107 dodawania jakichkolwiek punkt\u00f3w z pomiaru GPS).<\/p>\n<p>Znaczenie p\u00f3l w zakresie sekcji <strong>Wymagana precyzja i parametry pomiaru <\/strong>jest nast\u0119puj\u0105ce:<\/p>\n<ul>\n<li><strong>min.precyzja XY\/2D &#8211; okre\u015bla minimaln\u0105 wymagan\u0105 precyzj\u0119 wsp\u00f3\u0142rz\u0119dnych p\u0142askich<\/strong> &#8211; pr\u00f3bki pozycji poni\u017cej tej dok\u0142adno\u015bci b\u0119d\u0105 odrzucane, je\u015bli to pole zosta\u0142o zaznaczone<\/li>\n<li><strong>min. precyzja H &#8211; okre\u015bla minimaln\u0105 wymagan\u0105 precyzj\u0119 wsp\u00f3\u0142rz\u0119dnych wysoko\u015bciowych<\/strong> &#8211; pr\u00f3bki pozycji poni\u017cej tej dok\u0142adno\u015bci b\u0119d\u0105 odrzucane, je\u015bli to pole zosta\u0142o zaznaczone (nawet je\u015bli w zakresie wsp\u00f3\u0142rz\u0119dnych p\u0142askich wcze\u015bniejszy warunek jest spe\u0142niony)<\/li>\n<li><strong>min. DOP &#8211; okre\u015bla minimaln\u0105 wymagan\u0105 warto\u015b\u0107 parametru jako\u015bciowego DOP<\/strong>, pr\u00f3bki z parametrem wy\u017cszym ni\u017c wpisany tutaj b\u0119d\u0105 odrzucane, je\u015bli to pole zosta\u0142o zaznaczone<\/li>\n<li><strong>min. il. epok &#8211; okre\u015bla minimaln\u0105 wymagan\u0105 ilo\u015b\u0107 epok (liczby pr\u00f3bek u\u017cytych do u\u015brednienia)<\/strong>. Ten parametr dotyczy wy\u0142\u0105cznie trybu u\u015brednianego &#8211; je\u015bli zebrano ilo\u015b\u0107 pr\u00f3bek mniejsz\u0105, ni\u017c wskazana w tym polu, punkt z pomiaru GPS nie b\u0119dzie m\u00f3g\u0142 by\u0107 dodany.<\/li>\n<\/ul>\n<p>Znaczenie p\u00f3l w zakresie sekcji <strong>Wymagany tryb rozwi\u0105zania GPS <\/strong>jest nast\u0119puj\u0105ce:<\/p>\n<ul>\n<li><strong>RTK Fixed<\/strong> &#8211; dopuszcza pr\u00f3bki pomiaru, zmierzone w trybie precyzyjnym RTK Fixed<\/li>\n<li><strong>RTK Float<\/strong> &#8211; dopuszcza pr\u00f3bki pomiaru, zmierzone w trybie \u015brednio-precyzyjnym RTK Float<\/li>\n<li><strong>DGPS<\/strong> &#8211; dopuszcza pr\u00f3bki pomiaru, zmierzone w trybie DifferentialGPS, \u015bredniej precyzji<\/li>\n<li><strong>GPS\\SPS<\/strong>\u00a0 &#8211; dopuszcza pr\u00f3bki pomiaru zmierzone w trybie niskiej precyzji (standardowy tryb dzia\u0142ania wbudowanego w Androida GPS oraz GPS zewn\u0119trznych, np. samochodowych lub GPS loger\u00f3w)<\/li>\n<\/ul>\n<p>Tu\u017c po zaakceptowaniu zmian (przyciskiem <strong>Akceptuj<\/strong>), dokonana zostanie zmiana w module GPS i w\u00f3wczas ka\u017cdy nowy pomiar b\u0119dzie odbywa\u0142 si\u0119 w odniesieniu do ustawionych warunk\u00f3w w oknie filtra GPS.<\/p>\n","protected":false},"excerpt":{"rendered":"<p>Pomiar GPS bazuje na sukcesywnych pomiarach po\u0142o\u017cenia. Jednak\u017ce w przypadku ch\u0119ci osi\u0105gni\u0119cia wy\u017cszych precyzji konieczny mo\u017ce by\u0107 pomiar u\u015bredniany, z\u0142o\u017cony z wi\u0119kszej ilo\u015bci pr\u00f3bek. Powstaje jednak pytanie jakie pr\u00f3bki zbiera\u0107<\/p>\n","protected":false},"author":1,"featured_media":0,"parent":0,"menu_order":0,"comment_status":"open","ping_status":"open","template":"","meta":[],"_links":{"self":[{"href":"http:\/\/powergps.pl\/obsluga\/wp-json\/wp\/v2\/pages\/821"}],"collection":[{"href":"http:\/\/powergps.pl\/obsluga\/wp-json\/wp\/v2\/pages"}],"about":[{"href":"http:\/\/powergps.pl\/obsluga\/wp-json\/wp\/v2\/types\/page"}],"author":[{"embeddable":true,"href":"http:\/\/powergps.pl\/obsluga\/wp-json\/wp\/v2\/users\/1"}],"replies":[{"embeddable":true,"href":"http:\/\/powergps.pl\/obsluga\/wp-json\/wp\/v2\/comments?post=821"}],"version-history":[{"count":3,"href":"http:\/\/powergps.pl\/obsluga\/wp-json\/wp\/v2\/pages\/821\/revisions"}],"predecessor-version":[{"id":827,"href":"http:\/\/powergps.pl\/obsluga\/wp-json\/wp\/v2\/pages\/821\/revisions\/827"}],"wp:attachment":[{"href":"http:\/\/powergps.pl\/obsluga\/wp-json\/wp\/v2\/media?parent=821"}],"curies":[{"name":"wp","href":"https:\/\/api.w.org\/{rel}","templated":true}]}}