{"id":829,"date":"2014-08-09T13:30:20","date_gmt":"2014-08-09T11:30:20","guid":{"rendered":"http:\/\/powergps.pl\/obsluga\/?page_id=829"},"modified":"2014-08-09T13:31:54","modified_gmt":"2014-08-09T11:31:54","slug":"jak-ustawic-geoide-model-wysokosciowy","status":"publish","type":"page","link":"http:\/\/powergps.pl\/obsluga\/jak-ustawic-geoide-model-wysokosciowy\/","title":{"rendered":"Jak ustawi\u0107 geoid\u0119 (model wysoko\u015bciowy)"},"content":{"rendered":"<p><strong>Model wysoko\u015bciowy, czyli poprawki wysoko\u015bci ze wzgl\u0119du na wybran\u0105 geoid\u0119 to kolejna podstawowa rzecz w pomiarach geodezyjnych<\/strong>. Umo\u017cliwia ona pozyskanie wsp\u00f3\u0142rz\u0119dnych wysoko\u015bciowych normalnych, tj. obliczonych w prawid\u0142owym modelu wysoko\u015bciowym, zgodnym z obowi\u0105zuj\u0105cymi w kraju przepisami.<\/p>\n<p>Aby m\u00f3c ustawi\u0107 geoid\u0119, przechodzimy do <strong>Opcji<\/strong> i wybieramy przycisk <strong>Uk\u0142ad wsp<\/strong>.<\/p>\n<p><a href=\"http:\/\/powergps.pl\/obsluga\/wp-content\/uploads\/2014\/08\/ustawienia-cs.png\"><img loading=\"lazy\" class=\"aligncenter size-full wp-image-830\" src=\"http:\/\/powergps.pl\/obsluga\/wp-content\/uploads\/2014\/08\/ustawienia-cs.png\" alt=\"ustawienia-cs\" width=\"149\" height=\"140\" \/><\/a><\/p>\n<p>Zostanie pokazane okno, w kt\u00f3rym b\u0119dzie mo\u017cna wybra\u0107 odpowiedni model wysoko\u015bciowy.<\/p>\n<div class=\"andver\"><img loading=\"lazy\" class=\"aligncenter size-full verimage\" src=\"http:\/\/powergps.pl\/assets\/img\/ver-and.png\" alt=\"Post\u0119powanie dla wersji Android\" width=\"150\" height=\"30\" \/><br \/>\n<a href=\"http:\/\/powergps.pl\/obsluga\/wp-content\/uploads\/2014\/08\/and-cs-geoida.png\"><img loading=\"lazy\" class=\"aligncenter  wp-image-831\" src=\"http:\/\/powergps.pl\/obsluga\/wp-content\/uploads\/2014\/08\/and-cs-geoida.png\" alt=\"and-cs-geoida\" width=\"233\" height=\"257\" srcset=\"http:\/\/powergps.pl\/obsluga\/wp-content\/uploads\/2014\/08\/and-cs-geoida.png 363w, http:\/\/powergps.pl\/obsluga\/wp-content\/uploads\/2014\/08\/and-cs-geoida-272x300.png 272w\" sizes=\"(max-width: 233px) 100vw, 233px\" \/><\/a>&nbsp;<\/p>\n<p><a href=\"http:\/\/powergps.pl\/obsluga\/wp-content\/uploads\/2014\/08\/and-cs-geoida-wybor.png\"><img loading=\"lazy\" class=\"aligncenter size-full wp-image-832\" src=\"http:\/\/powergps.pl\/obsluga\/wp-content\/uploads\/2014\/08\/and-cs-geoida-wybor.png\" alt=\"and-cs-geoida-wybor\" width=\"227\" height=\"200\" \/><\/a><\/p>\n<\/div>\n<div class=\"winver\"><img loading=\"lazy\" class=\"aligncenter size-full verimage\" src=\"http:\/\/powergps.pl\/assets\/img\/ver-win.png\" alt=\"Post\u0119powanie dla wersji Windows PC\" width=\"150\" height=\"30\" \/><br \/>\n<a href=\"http:\/\/powergps.pl\/obsluga\/wp-content\/uploads\/2014\/08\/win-cs-geoida.png\"><img loading=\"lazy\" class=\"aligncenter size-full wp-image-833\" src=\"http:\/\/powergps.pl\/obsluga\/wp-content\/uploads\/2014\/08\/win-cs-geoida.png\" alt=\"win-cs-geoida\" width=\"417\" height=\"171\" srcset=\"http:\/\/powergps.pl\/obsluga\/wp-content\/uploads\/2014\/08\/win-cs-geoida.png 417w, http:\/\/powergps.pl\/obsluga\/wp-content\/uploads\/2014\/08\/win-cs-geoida-300x123.png 300w\" sizes=\"(max-width: 417px) 100vw, 417px\" \/><\/a><\/p>\n<p><a href=\"http:\/\/powergps.pl\/obsluga\/wp-content\/uploads\/2014\/08\/win-cs-geoida-wybor.png\"><img loading=\"lazy\" class=\"aligncenter size-full wp-image-834\" src=\"http:\/\/powergps.pl\/obsluga\/wp-content\/uploads\/2014\/08\/win-cs-geoida-wybor.png\" alt=\"win-cs-geoida-wybor\" width=\"396\" height=\"82\" srcset=\"http:\/\/powergps.pl\/obsluga\/wp-content\/uploads\/2014\/08\/win-cs-geoida-wybor.png 396w, http:\/\/powergps.pl\/obsluga\/wp-content\/uploads\/2014\/08\/win-cs-geoida-wybor-300x62.png 300w\" sizes=\"(max-width: 396px) 100vw, 396px\" \/><\/a><\/div>\n<p>W przypadku, gdy dokonujemy amatorskich pomiar\u00f3w mo\u017cna wy\u0142\u0105czy\u0107 przeliczanie ustawiaj\u0105c opcj\u0119 <strong>Bez przelicze\u0144 \/ WGS84<\/strong>, w\u00f3wczas pobierana wysoko\u015b\u0107 b\u0119dzie to\u017csama z wysoko\u015bci\u0105 otrzyman\u0105 w uk\u0142adzie WGS84.<\/p>\n<p>Po wybraniu i wci\u015bni\u0119ciu przycisku <strong>Zaakceptuj<\/strong> zmiana zostanie dokonana i ka\u017cda nowa zmierzona wsp\u00f3\u0142rz\u0119dna metod\u0105 GPS b\u0119dzie posiada\u0142a wysoko\u015b\u0107 zanotowan\u0105 w wybranym systemie.<\/p>\n","protected":false},"excerpt":{"rendered":"<p>Model wysoko\u015bciowy, czyli poprawki wysoko\u015bci ze wzgl\u0119du na wybran\u0105 geoid\u0119 to kolejna podstawowa rzecz w pomiarach geodezyjnych. Umo\u017cliwia ona pozyskanie wsp\u00f3\u0142rz\u0119dnych wysoko\u015bciowych normalnych, tj. obliczonych w prawid\u0142owym modelu wysoko\u015bciowym, zgodnym<\/p>\n","protected":false},"author":1,"featured_media":0,"parent":0,"menu_order":0,"comment_status":"open","ping_status":"open","template":"","meta":[],"_links":{"self":[{"href":"http:\/\/powergps.pl\/obsluga\/wp-json\/wp\/v2\/pages\/829"}],"collection":[{"href":"http:\/\/powergps.pl\/obsluga\/wp-json\/wp\/v2\/pages"}],"about":[{"href":"http:\/\/powergps.pl\/obsluga\/wp-json\/wp\/v2\/types\/page"}],"author":[{"embeddable":true,"href":"http:\/\/powergps.pl\/obsluga\/wp-json\/wp\/v2\/users\/1"}],"replies":[{"embeddable":true,"href":"http:\/\/powergps.pl\/obsluga\/wp-json\/wp\/v2\/comments?post=829"}],"version-history":[{"count":3,"href":"http:\/\/powergps.pl\/obsluga\/wp-json\/wp\/v2\/pages\/829\/revisions"}],"predecessor-version":[{"id":837,"href":"http:\/\/powergps.pl\/obsluga\/wp-json\/wp\/v2\/pages\/829\/revisions\/837"}],"wp:attachment":[{"href":"http:\/\/powergps.pl\/obsluga\/wp-json\/wp\/v2\/media?parent=829"}],"curies":[{"name":"wp","href":"https:\/\/api.w.org\/{rel}","templated":true}]}}