{"id":841,"date":"2014-08-12T03:23:50","date_gmt":"2014-08-12T01:23:50","guid":{"rendered":"http:\/\/powergps.pl\/obsluga\/?page_id=841"},"modified":"2014-08-14T00:31:50","modified_gmt":"2014-08-13T22:31:50","slug":"jak-wybrac-i-skonfigurowac-odbiornik-gps-amatorski","status":"publish","type":"page","link":"http:\/\/powergps.pl\/obsluga\/jak-wybrac-i-skonfigurowac-odbiornik-gps-amatorski\/","title":{"rendered":"Jak wybra\u0107 i skonfigurowa\u0107 odbiornik GPS (amatorski)"},"content":{"rendered":"<p>Ze wzgl\u0119du na ni\u017csz\u0105 dok\u0142adno\u015b\u0107 amatorskich odbiornik\u00f3w nawigacji satelitarnej GPS, podstawowa konfiguracja sprowadza si\u0119 do:<\/p>\n<ul>\n<li>wyboru modelu odbiornika lub typu protoko\u0142u (zazwyczaj NMEA je\u015bli odbiornik zewn\u0119trzny po Bluetooth lub wbudowany modu\u0142 GPS w Androida)<\/li>\n<li>wyboru urz\u0105dzenia\/portu w przypadku zewn\u0119trznych odbiornik\u00f3w z opcj\u0105 Bluetooth<\/li>\n<\/ul>\n<p>Je\u015bli natomiast chcieliby\u015bmy zag\u0142\u0119bi\u0107 si\u0119 w szczeg\u00f3\u0142y konfiguracji, mo\u017cemy zdecydowa\u0107 o tym, czy zapisywa\u0107 logi z modu\u0142u GPS, czy wy\u015bwietla\u0107 bie\u017c\u0105cy fragment \u015bladu GPS oraz wizualizowa\u0107 wielko\u015b\u0107 precyzji i odchylenia standardowego pomiaru.<\/p>\n<p>W przypadku amatorskiego pomiaru (lub z wykorzystaniem amatorskich odbiornik\u00f3w), zazwyczaj nie ma potrzeby dok\u0142adnego pomiaru wysoko\u015bci (amatorski GPS jest zbyt ma\u0142o dok\u0142adny na tego typu pomiary) &#8211; interesuj\u0105 nas zwykle wsp\u00f3\u0142rz\u0119dne p\u0142askie (XY), wi\u0119c kwestie takie jak np. konfiguracja wysoko\u015bci anteny lub filtra pozycji GPS mog\u0105 nie by\u0107 szczeg\u00f3lnie istotne. Na ko\u0144cu tej strony zaznaczono jednak odno\u015bniki do strony opisuj\u0105cej te funkcje.<\/p>\n<h2>Konfiguracja &#8211; wyb\u00f3r modelu GPS<\/h2>\n<p>Aby przej\u015b\u0107 do ustawie\u0144 nale\u017cy klikn\u0105\u0107 ikon\u0119 <strong>Sprz\u0119tu<\/strong>, wybra\u0107 interesuj\u0105cy nas numer odbiornika (poczytaj <a href=\"http:\/\/powergps.pl\/obsluga\/dlaczego-do-wyboru-sa-dwie-ikony-gps\/\">dlaczego masz do wyboru dwa GPS<\/a>), a nast\u0119pnie klikn\u0105\u0107 opcj\u0119 <strong>Konfiguracja<\/strong>.<\/p>\n<p>Zostanie w\u00f3wczas wy\u015bwietlone okno dialogowe, umo\u017cliwiaj\u0105ce zdefiniowanie odbiornika.<\/p>\n<p>ANDROID<\/p>\n<h3>Gdy chcemy wykorzysta\u0107 wbudowany odbiornik GPS w Androida<\/h3>\n<p>W przypadku gdy nie dysponujemy zewn\u0119trznym odbiornikiem GPS, lecz chcemy wykorzysta\u0107 moc GPS drzemi\u0105c\u0105 w naszym telefonie lub tablecie, nale\u017cy wskaza\u0107 aplikacji ten w\u0142a\u015bnie modu\u0142 poprzez wybranie opcji <strong>Model odbiornika GPS<\/strong> i wyborze na li\u015bcie pozycji <strong>Wbudowany GPS [Android]<\/strong>.<\/p>\n<p>Opcje konfiguracji Bluetooth nas wtedy nie interesuj\u0105, bowiem przy tym typie odbiornika nie s\u0105 wykorzystywane.<\/p>\n<h3>Gdy chcemy wykorzysta\u0107 zewn\u0119trzny odbiornik GPS na \u0142\u0105czu Bluetooth<\/h3>\n<p>Je\u015bli dysponujemy GPS typu GPS DataLogger lub te\u017c zwyczajnym samochodowym odbiornikiem &#8211; b\u0119dziemy korzysta\u0107 z \u0142\u0105cza Bluetooth.<\/p>\n<p>W tym przypadku trzeba wcze\u015bniej uruchomi\u0107 w systemie Bluetooth:<\/p>\n<p>Natomiast w aplikacji jako <strong>Model odbiornika<\/strong> wskazujemy <strong>Standardowy GPS [NMEA]<\/strong>, co pozwoli nam wykorzysta\u0107 modu\u0142 bazuj\u0105cy na masowo wykorzystywanym protokole NMEA-0183, obs\u0142ugiwanym przez zdecydowan\u0105 wi\u0119kszo\u015b\u0107 odbiornik\u00f3w GPS.<\/p>\n<p>Opr\u00f3cz tego trzeba wskaza\u0107 <strong>\u0179r\u00f3d\u0142o danych dla odbiornika<\/strong>, wybieraj\u0105c opcj\u0119 <strong>Port Bluetooth<\/strong>.<\/p>\n<p>To jednak nie wszystko, bo aplikacja ju\u017c wie, \u017ce b\u0119dzie wykorzystywa\u0142a port Bluetooth, pojawia si\u0119 jednak pytanie &#8211; jaki? Bo mo\u017cemy mie\u0107 w systemie wiele sparowanych urz\u0105dze\u0144, wi\u0119c program musi wiedzie\u0107 o kt\u00f3re urz\u0105dzenie chodzi.<\/p>\n<p>Wybieramy zatem opcj\u0119 <strong>Port odbiornika Bluetooth<\/strong> i wskazujemy wcze\u015bniej sparowane urz\u0105dzenie GPS.<\/p>\n<p>WINDOWS<\/p>\n<h3>Gdy chcemy wykorzysta\u0107 zewn\u0119trzny odbiornik GPS na \u0142\u0105czu Bluetooth<\/h3>\n<p>W przypadku Windows obs\u0142ugiwane s\u0105 wy\u0142\u0105cznie zewn\u0119trzne odbiorniki GPS, tak wi\u0119c instrukcja konfiguracji wygl\u0105da nast\u0119puj\u0105co:<\/p>\n<h2>Konfiguracja &#8211; opcje dodatkowe<\/h2>\n<p>Podczas konfiguracji odbiornika mo\u017cemy r\u00f3wnie\u017c ustawi\u0107 dodatkowe opcje jak:<\/p>\n<ul>\n<li><strong>potwierdzi\u0107 lub anulowa\u0107 zapisywanie log\u00f3w<\/strong> GPS do pliku (zapisywane b\u0119d\u0105 dane otrzymane z odbiornika, je\u015bli to mo\u017cliwie &#8222;surowe&#8221;)<\/li>\n<li>zdecydowa\u0107, czy <strong>ikona pomiaru dla danego GPS ma by\u0107 widoczna<\/strong> w g\u00f3rnym pasku ikon aplikacji<\/li>\n<li>wybra\u0107, czy <strong>wizualizacja promienia precyzji GPS ma by\u0107 wy\u015bwietlana<\/strong> (w przypadku amatorskich GPS zwykle odbiorniki nie przekazuj\u0105 tego typu danych, wi\u0119c mo\u017cna zostawi\u0107 t\u0119 opcj\u0119 wy\u0142\u0105czon\u0105)<\/li>\n<li>wybra\u0107, czy <strong>wizualizacja promienia odchylenia standardowego u\u015brednionej pozycji<\/strong> ma by\u0107 wy\u015bwietlana (dobre do wizualizacji dok\u0142adno\u015bci pomiaru u\u015brednianego)<\/li>\n<\/ul>\n<p>Oczywi\u015bcie opr\u00f3cz tego, korzystaj\u0105c z ikon na ekranie g\u0142\u00f3wnym mo\u017cna r\u00f3wnie\u017c wybra\u0107 dodatkowe parametry, zwi\u0105zane z wysoko\u015bci\u0105 anteny, tyczki czy te\u017c filtra GPS.<\/p>\n<p>Tak wi\u0119c, aby PowerGPS by\u0142 godny swojej nazwy, do dyspozycji mamy nast\u0119puj\u0105ce mo\u017cliwo\u015bci:<\/p>\n<ul>\n<li><strong>Wysoko\u015b\u0107 anteny wp\u0142ywa na wynik pomiaru wysoko\u015bci<\/strong> &#8211; je\u015bli interesuje nas precyzyjne ustawienie wysoko\u015bci, na jakiej b\u0119dzie znajdowa\u0142 si\u0119 odbiornik w trakcie pomiaru (np. mamy tyczk\u0119 z anten\u0105 GPS lub te\u017c wiemy na jakiej mniej wi\u0119cej wysoko\u015bci wzgl\u0119dem ziemi znajduje si\u0119 sprz\u0119t).<br \/>\nSpos\u00f3b wyboru wysoko\u015bci anteny zosta\u0142 opisany <a href=\"http:\/\/powergps.pl\/obsluga\/jak-ustawic-wysokosc-anteny\/\"><strong>na tej stronie<\/strong><\/a>.<\/li>\n<li><strong>Filtr pozycji<\/strong> &#8211; filtr to modu\u0142, wyrzucaj\u0105cy pr\u00f3bki z GPS, kt\u00f3re nie osi\u0105gn\u0119\u0142y wymaganej dok\u0142adno\u015bci. W przypadku amatorskich GPS mo\u017ce nas interesowa\u0107 pomiar przy niskich warto\u015bciach parametru jako\u015bciowego DOP (ang. <a href=\"http:\/\/pl.wikipedia.org\/wiki\/Dilution_of_precision\">Dilution of Precision<\/a>) lub te\u017c pomiar przy minimalnej zadanej ilo\u015bci pr\u00f3bek, u\u017cytych do u\u015bredniania. To wszystko mo\u017cemy ustawi\u0107 &#8211; <a href=\"http:\/\/powergps.pl\/obsluga\/jak-ustawic-minimalne-wymagane-parametry-jakosciowe-pomiaru-gps\/\"><strong>dzi\u0119ki tej stronie b\u0119dzie wiadomo jak<\/strong><\/a>.<\/li>\n<li><strong>Wizualizacja \u015blad\u00f3w i precyzji<\/strong> &#8211; poniewa\u017c wi\u0119ksza wiedza jest lepsza od mniejszej wiedzy, w tym przypadku mo\u017cemy zaopatrzy\u0107 si\u0119 w dodatkowe informacje (co wa\u017cniejsze &#8211; graficzne), kt\u00f3re umo\u017cliwi\u0105 nam szybkie reagowanie na zmian\u0119 jako\u015bci sygna\u0142u podczas wykonania pomiaru. Wizualizacja \u015blad\u00f3w zosta\u0142a opisana <a href=\"http:\/\/powergps.pl\/obsluga\/wizualizacja-sladow-i-precyzji-gps\/\"><strong>na tej stronie<\/strong><\/a>.<\/li>\n<li><strong>Wyb\u00f3r modelu wysoko\u015bciowego<\/strong> &#8211; co prawda w przypadku amatorskich pomiar\u00f3w zwykle nie interesuje nas otrzymywanie wysoko\u015bci np. w pa\u0144stwowym uk\u0142adzie (Kronsztad 86), pomimo wszystko jednak, ta opcja mo\u017ce by\u0107 przydatna w przypadku odnajdowania (lokalizacji) punkt\u00f3w przy pomocy wbudowanego w Androida modu\u0142u GPS. Konfiguracja geoidy (czyli modelu wysoko\u015bciowego) jest <a href=\"http:\/\/powergps.pl\/obsluga\/jak-ustawic-geoide-model-wysokosciowy\/\"><strong>dost\u0119pna na tej stronie<\/strong><\/a>.<\/li>\n<li><strong>Zapis log\u00f3w do pliku<\/strong> &#8211; dokumentowanie pomiaru to jedna z wa\u017cniejszych rzeczy &#8211; czasem lepiej mie\u0107 nie tylko przetworzone dane, lecz &#8222;surowe&#8221; informacje zwi\u0105zane z pomiarem. Szerzej rzeczy te zosta\u0142y opisane <a href=\"http:\/\/powergps.pl\/obsluga\/zapisywanie-logow-gps\/\"><strong>na tej stronie<\/strong><\/a>. Je\u015bli natomiast interesuje nas odtwarzanie sygna\u0142u zapisanego amatorskim odbiornikiem &#8211; mo\u017cna to zrobi\u0107 <a href=\"http:\/\/powergps.pl\/obsluga\/odtwarzanie-logow-gps\/\"><strong>dzi\u0119ki tej stronie<\/strong><\/a>.<\/li>\n<\/ul>\n","protected":false},"excerpt":{"rendered":"<p>Ze wzgl\u0119du na ni\u017csz\u0105 dok\u0142adno\u015b\u0107 amatorskich odbiornik\u00f3w nawigacji satelitarnej GPS, podstawowa konfiguracja sprowadza si\u0119 do: wyboru modelu odbiornika lub typu protoko\u0142u (zazwyczaj NMEA je\u015bli odbiornik zewn\u0119trzny po Bluetooth lub wbudowany<\/p>\n","protected":false},"author":1,"featured_media":0,"parent":0,"menu_order":0,"comment_status":"open","ping_status":"open","template":"","meta":[],"_links":{"self":[{"href":"http:\/\/powergps.pl\/obsluga\/wp-json\/wp\/v2\/pages\/841"}],"collection":[{"href":"http:\/\/powergps.pl\/obsluga\/wp-json\/wp\/v2\/pages"}],"about":[{"href":"http:\/\/powergps.pl\/obsluga\/wp-json\/wp\/v2\/types\/page"}],"author":[{"embeddable":true,"href":"http:\/\/powergps.pl\/obsluga\/wp-json\/wp\/v2\/users\/1"}],"replies":[{"embeddable":true,"href":"http:\/\/powergps.pl\/obsluga\/wp-json\/wp\/v2\/comments?post=841"}],"version-history":[{"count":8,"href":"http:\/\/powergps.pl\/obsluga\/wp-json\/wp\/v2\/pages\/841\/revisions"}],"predecessor-version":[{"id":896,"href":"http:\/\/powergps.pl\/obsluga\/wp-json\/wp\/v2\/pages\/841\/revisions\/896"}],"wp:attachment":[{"href":"http:\/\/powergps.pl\/obsluga\/wp-json\/wp\/v2\/media?parent=841"}],"curies":[{"name":"wp","href":"https:\/\/api.w.org\/{rel}","templated":true}]}}