{"id":850,"date":"2014-08-12T03:43:24","date_gmt":"2014-08-12T01:43:24","guid":{"rendered":"http:\/\/powergps.pl\/obsluga\/?page_id=850"},"modified":"2014-08-16T00:36:10","modified_gmt":"2014-08-15T22:36:10","slug":"wizualizacja-sladow-i-precyzji-gps","status":"publish","type":"page","link":"http:\/\/powergps.pl\/obsluga\/wizualizacja-sladow-i-precyzji-gps\/","title":{"rendered":"Wizualizacja \u015blad\u00f3w i precyzji GPS"},"content":{"rendered":"<p>PowerGPS udost\u0119pnia mo\u017cliwo\u015b\u0107 wizualizacji \u015blad\u00f3w oraz precyzji GPS.<\/p>\n<p>Opcje programu pozwalaj\u0105 na ustawienie nast\u0119puj\u0105cych parametr\u00f3w wizualizacji:<\/p>\n<ul>\n<li><strong>precyzja odbiornika<\/strong> <strong>(2D)<\/strong>&#8211; informacja od odbiornika (zwykle precyzyjnego, RTK) o szacowanej dok\u0142adno\u015bci bie\u017c\u0105cej pozycji. Pokazywania w postaci <strong>okr\u0119gu o \u015brodku w miejscu bie\u017c\u0105cej pozycji<\/strong><\/li>\n<li><strong>dok\u0142adno\u015b\u0107 u\u015bredniania (2D)<\/strong> &#8211; informacja pozyskana z oblicze\u0144, czyli odchylenie standardowe warto\u015bci \u015bredniej. Uwzgl\u0119dniana tylko w wypadku, gdy mierzymy przy pomocy metody u\u015brednianej. Pokazywana w postaci <strong>okr\u0119gu o \u015brodku w miejscu pozycji u\u015brednione<\/strong>j<\/li>\n<li><strong>wizualizacja \u015bladu GPS<\/strong> &#8211; wspomniana wizualizacja &#8211; wy\u015bwietlania ostatnich pr\u00f3bek w postaci symboli zanikaj\u0105cych w czasie (\u015bwie\u017ca pr\u00f3bka ma najmniejsz\u0105 przezroczysto\u015b\u0107, ostatnia pr\u00f3bka najwi\u0119ksz\u0105 przezroczysto\u015b\u0107). Ze wzgl\u0119du na charakter aplikacji, \u015blad ogranicza si\u0119 do ostatnich 60 pr\u00f3bek (czyli minuty przy 1Hz pr\u00f3bkowaniu pozycji). Wizualizacja \u015bladu mo\u017ce by\u0107 pomocna w sprawdzeniu, czy RTK dobrze si\u0119 zainicjalizowa\u0142 (d\u0142ugie p\u0142ywanie pozycji mo\u017ce \u015bwiadczy\u0107 o konieczno\u015bci ponownej inicjalizacji).<\/li>\n<\/ul>\n<p>Opcje mo\u017cna zmieni\u0107 w ustawieniach poszczeg\u00f3lnych GPS (opcje mo\u017cna konfigurowa\u0107 niezale\u017cnie pomi\u0119dzy modu\u0142em podstawowym GPS#1, a modu\u0142em alternatywnym GPS#2).<\/p>\n","protected":false},"excerpt":{"rendered":"<p>PowerGPS udost\u0119pnia mo\u017cliwo\u015b\u0107 wizualizacji \u015blad\u00f3w oraz precyzji GPS. Opcje programu pozwalaj\u0105 na ustawienie nast\u0119puj\u0105cych parametr\u00f3w wizualizacji: precyzja odbiornika (2D)&#8211; informacja od odbiornika (zwykle precyzyjnego, RTK) o szacowanej dok\u0142adno\u015bci bie\u017c\u0105cej pozycji.<\/p>\n","protected":false},"author":1,"featured_media":0,"parent":0,"menu_order":0,"comment_status":"open","ping_status":"open","template":"","meta":[],"_links":{"self":[{"href":"http:\/\/powergps.pl\/obsluga\/wp-json\/wp\/v2\/pages\/850"}],"collection":[{"href":"http:\/\/powergps.pl\/obsluga\/wp-json\/wp\/v2\/pages"}],"about":[{"href":"http:\/\/powergps.pl\/obsluga\/wp-json\/wp\/v2\/types\/page"}],"author":[{"embeddable":true,"href":"http:\/\/powergps.pl\/obsluga\/wp-json\/wp\/v2\/users\/1"}],"replies":[{"embeddable":true,"href":"http:\/\/powergps.pl\/obsluga\/wp-json\/wp\/v2\/comments?post=850"}],"version-history":[{"count":4,"href":"http:\/\/powergps.pl\/obsluga\/wp-json\/wp\/v2\/pages\/850\/revisions"}],"predecessor-version":[{"id":905,"href":"http:\/\/powergps.pl\/obsluga\/wp-json\/wp\/v2\/pages\/850\/revisions\/905"}],"wp:attachment":[{"href":"http:\/\/powergps.pl\/obsluga\/wp-json\/wp\/v2\/media?parent=850"}],"curies":[{"name":"wp","href":"https:\/\/api.w.org\/{rel}","templated":true}]}}