{"id":853,"date":"2014-08-12T03:53:15","date_gmt":"2014-08-12T01:53:15","guid":{"rendered":"http:\/\/powergps.pl\/obsluga\/?page_id=853"},"modified":"2014-08-20T01:46:11","modified_gmt":"2014-08-19T23:46:11","slug":"zapisywanie-logow-gps","status":"publish","type":"page","link":"http:\/\/powergps.pl\/obsluga\/zapisywanie-logow-gps\/","title":{"rendered":"Zapisywanie log\u00f3w GPS"},"content":{"rendered":"<p>Logi GPS to zazwyczaj surowe dane, kt\u00f3re obrazuj\u0105 tre\u015b\u0107 otrzymywanego z GPS sygna\u0142u w postaci okre\u015blonego protoko\u0142u. O ile w przypadku zewn\u0119trznych modu\u0142\u00f3w GPS cz\u0119sto wykorzystywany jest <a href=\"http:\/\/pl.wikipedia.org\/wiki\/NMEA_0183\">standard NMEA-0183<\/a>, o tyle w przypadku Androida dane otrzymywane s\u0105 w inny spos\u00f3b i tutaj mamy log w postaci pliku CSV z zapisanymi wsp\u00f3\u0142rz\u0119dnymi.<\/p>\n<p>Zapisane przez PowerGPS (lub te\u017c inn\u0105 aplikacj\u0119) logi GPS w postaci NMEA (lub te\u017c binarne z RTK), mo\u017cna pod\u0142adowa\u0107 jako \u017ar\u00f3d\u0142o sygna\u0142u z pliku &#8211; w\u00f3wczas mo\u017cemy odtworzy\u0107 nawigacj\u0119 lub te\u017c wykona\u0107 powt\u00f3rn\u0105 symulacj\u0119 pomiaru na podstawie zapisanych wcze\u015bniej danych.<\/p>\n<h2>Jak skonfigurowa\u0107 zapisywanie log\u00f3w GPS<\/h2>\n<p>Po wej\u015bciu w ustawienia danego GPS nale\u017cy zaznaczy\u0107 opcj\u0119 <strong>Zapisuj logi z sesji GPS.<\/strong><\/p>\n","protected":false},"excerpt":{"rendered":"<p>Logi GPS to zazwyczaj surowe dane, kt\u00f3re obrazuj\u0105 tre\u015b\u0107 otrzymywanego z GPS sygna\u0142u w postaci okre\u015blonego protoko\u0142u. O ile w przypadku zewn\u0119trznych modu\u0142\u00f3w GPS cz\u0119sto wykorzystywany jest standard NMEA-0183, o<\/p>\n","protected":false},"author":1,"featured_media":0,"parent":0,"menu_order":0,"comment_status":"open","ping_status":"open","template":"","meta":[],"_links":{"self":[{"href":"http:\/\/powergps.pl\/obsluga\/wp-json\/wp\/v2\/pages\/853"}],"collection":[{"href":"http:\/\/powergps.pl\/obsluga\/wp-json\/wp\/v2\/pages"}],"about":[{"href":"http:\/\/powergps.pl\/obsluga\/wp-json\/wp\/v2\/types\/page"}],"author":[{"embeddable":true,"href":"http:\/\/powergps.pl\/obsluga\/wp-json\/wp\/v2\/users\/1"}],"replies":[{"embeddable":true,"href":"http:\/\/powergps.pl\/obsluga\/wp-json\/wp\/v2\/comments?post=853"}],"version-history":[{"count":3,"href":"http:\/\/powergps.pl\/obsluga\/wp-json\/wp\/v2\/pages\/853\/revisions"}],"predecessor-version":[{"id":912,"href":"http:\/\/powergps.pl\/obsluga\/wp-json\/wp\/v2\/pages\/853\/revisions\/912"}],"wp:attachment":[{"href":"http:\/\/powergps.pl\/obsluga\/wp-json\/wp\/v2\/media?parent=853"}],"curies":[{"name":"wp","href":"https:\/\/api.w.org\/{rel}","templated":true}]}}