{"id":863,"date":"2014-08-12T04:19:30","date_gmt":"2014-08-12T02:19:30","guid":{"rendered":"http:\/\/powergps.pl\/obsluga\/?page_id=863"},"modified":"2014-08-15T12:21:56","modified_gmt":"2014-08-15T10:21:56","slug":"jak-przypisac-kod-symbolu-do-danego-punktu-lub-obiektu","status":"publish","type":"page","link":"http:\/\/powergps.pl\/obsluga\/jak-przypisac-kod-symbolu-do-danego-punktu-lub-obiektu\/","title":{"rendered":"Jak przypisa\u0107 kod symbolu do danego punktu (lub obiektu)"},"content":{"rendered":"<p>Przypisanie kodu realizujemy poprzez funkcj\u0119 <strong>Kod symbolu <\/strong>dost\u0119pn\u0105 po zaznaczeniu obiektu.<\/p>\n<p>Po jej zaznaczeniu zostanie wy\u015bwietlone okno zawieraj\u0105ce pole do wpisania zar\u00f3wno <strong>numeru symbolu<\/strong> (warto\u015bci liczbowej), jak i nazwy kodowej (<strong>kod symbolu<\/strong>). Dodatkowo dost\u0119pna b\u0119dzie lista, pozwalaj\u0105ca wybra\u0107 zdefiniowane wcze\u015bniej oznaczenia symboli (domy\u015blnie wg instrukcji K-1).<\/p>\n<p>Po wybraniu pozycji na li\u015bcie, oba powy\u017csze pola zostan\u0105 wype\u0142nione.<\/p>\n<p>Akceptacji (przypisania) dokonujemy wciskaj\u0105c przycisk <strong>Akceptuj.<\/strong><\/p>\n<p>Funkcja Kod symbolu dzia\u0142a zar\u00f3wno dla punkt\u00f3w, jak i pozosta\u0142ych obiekt\u00f3w geometrycznych (linii, poligon\u00f3w, splajn\u00f3w).<\/p>\n","protected":false},"excerpt":{"rendered":"<p>Przypisanie kodu realizujemy poprzez funkcj\u0119 Kod symbolu dost\u0119pn\u0105 po zaznaczeniu obiektu. Po jej zaznaczeniu zostanie wy\u015bwietlone okno zawieraj\u0105ce pole do wpisania zar\u00f3wno numeru symbolu (warto\u015bci liczbowej), jak i nazwy kodowej<\/p>\n","protected":false},"author":1,"featured_media":0,"parent":0,"menu_order":0,"comment_status":"open","ping_status":"open","template":"","meta":[],"_links":{"self":[{"href":"http:\/\/powergps.pl\/obsluga\/wp-json\/wp\/v2\/pages\/863"}],"collection":[{"href":"http:\/\/powergps.pl\/obsluga\/wp-json\/wp\/v2\/pages"}],"about":[{"href":"http:\/\/powergps.pl\/obsluga\/wp-json\/wp\/v2\/types\/page"}],"author":[{"embeddable":true,"href":"http:\/\/powergps.pl\/obsluga\/wp-json\/wp\/v2\/users\/1"}],"replies":[{"embeddable":true,"href":"http:\/\/powergps.pl\/obsluga\/wp-json\/wp\/v2\/comments?post=863"}],"version-history":[{"count":3,"href":"http:\/\/powergps.pl\/obsluga\/wp-json\/wp\/v2\/pages\/863\/revisions"}],"predecessor-version":[{"id":899,"href":"http:\/\/powergps.pl\/obsluga\/wp-json\/wp\/v2\/pages\/863\/revisions\/899"}],"wp:attachment":[{"href":"http:\/\/powergps.pl\/obsluga\/wp-json\/wp\/v2\/media?parent=863"}],"curies":[{"name":"wp","href":"https:\/\/api.w.org\/{rel}","templated":true}]}}