{"id":865,"date":"2014-08-12T04:19:58","date_gmt":"2014-08-12T02:19:58","guid":{"rendered":"http:\/\/powergps.pl\/obsluga\/?page_id=865"},"modified":"2014-08-15T12:32:29","modified_gmt":"2014-08-15T10:32:29","slug":"jak-przypisac-klucze-i-atrybuty-do-danego-obiektu","status":"publish","type":"page","link":"http:\/\/powergps.pl\/obsluga\/jak-przypisac-klucze-i-atrybuty-do-danego-obiektu\/","title":{"rendered":"Jak przypisa\u0107 klucze i atrybuty do danego obiektu"},"content":{"rendered":"<p>Przypisanie kluczy i atrybut\u00f3w realizujemy poprzez funkcj\u0119 <strong>Klucze <\/strong>dost\u0119pn\u0105 po zaznaczeniu obiektu.<\/p>\n<p>Po jej zaznaczeniu zostanie wy\u015bwietlone okno zawieraj\u0105ce bie\u017c\u0105c\u0105 list\u0119 kluczy i atrybut\u00f3w przypisanych obiektowi (dla nowo utworzonych obiekt\u00f3w lista b\u0119dzie pusta).<\/p>\n<p>Za\u0142\u00f3\u017cmy, \u017ce opisywali\u015bmy budynek i chcieliby\u015bmy zapisa\u0107 informacj\u0119 o liczbie kondygnacji (np. 2).<\/p>\n<p>Aby doda\u0107 tak\u0105 pozycj\u0119 na li\u015bcie wciskamy przycisk <strong>Dodaj klucz, <\/strong>a nast\u0119pnie w polu <strong>Nazwa klucza<\/strong> wpisujemy nazw\u0119 (np. ilosc_kondygnacji), nast\u0119pnie w polu <strong>Warto\u015b\u0107 <\/strong>wpisujemy warto\u015b\u0107 (w naszym przypadku 2).<\/p>\n<p>W przypadku wci\u015bni\u0119cia pola <strong>Nazwa klucza<\/strong>, po chwili powinny rozwin\u0105\u0107 si\u0119 proponowane opcje (zbi\u00f3r kluczy uwzgl\u0119dniaj\u0105ce za\u0142adowane biblioteki do programu, w szczeg\u00f3lno\u015bci wybrane klucze projektu OpenStreetMap).<\/p>\n<p>Teraz wciskamy przycisk <strong>Dodaj<\/strong> i klucz zostanie dodany &#8211; powinien znale\u017a\u0107 si\u0119 na li\u015bcie.<\/p>\n<p>Je\u015bli aplikacja posiada opis s\u0142ownika danych, w\u00f3wczas przy niekt\u00f3rych kluczach mo\u017ce wyst\u0105pi\u0107 s\u0142owny opis.<\/p>\n<p>Aby skasowa\u0107 wszystkie klucze wciskamy przycisk <strong>Czy\u015b\u0107<\/strong>.<\/p>\n<p>Aby skasowa\u0107 wy\u0142\u0105cznie wybrany klucz, wybieramy go na li\u015bcie i po jego za\u0142adowaniu wciskamy przycisk <strong>Usu\u0144<\/strong>.<\/p>\n<p>Funkcja Kod symbolu dzia\u0142a zar\u00f3wno dla punkt\u00f3w, jak i pozosta\u0142ych obiekt\u00f3w geometrycznych (linii, poligon\u00f3w, splajn\u00f3w).<\/p>\n<p>W zakresie kluczy mo\u017cna wykorzystywa\u0107 r\u00f3wnie\u017c sta\u0142e, wykorzystywane do opisywania symboli (spos\u00f3b zapisu innych informacji jest wsp\u00f3lny i korzysta z tego samego mechanizmu &#8211; przyk\u0142adowa nazwa klucza dla numeru symbolu to <strong>SYMBOLIDX<\/strong>, natomiast dla kodu symbolu &#8211; <strong>SYMBOLID<\/strong>, a dla opisu <strong>DESC<\/strong>).<\/p>\n","protected":false},"excerpt":{"rendered":"<p>Przypisanie kluczy i atrybut\u00f3w realizujemy poprzez funkcj\u0119 Klucze dost\u0119pn\u0105 po zaznaczeniu obiektu. Po jej zaznaczeniu zostanie wy\u015bwietlone okno zawieraj\u0105ce bie\u017c\u0105c\u0105 list\u0119 kluczy i atrybut\u00f3w przypisanych obiektowi (dla nowo utworzonych obiekt\u00f3w<\/p>\n","protected":false},"author":1,"featured_media":0,"parent":0,"menu_order":0,"comment_status":"open","ping_status":"open","template":"","meta":[],"_links":{"self":[{"href":"http:\/\/powergps.pl\/obsluga\/wp-json\/wp\/v2\/pages\/865"}],"collection":[{"href":"http:\/\/powergps.pl\/obsluga\/wp-json\/wp\/v2\/pages"}],"about":[{"href":"http:\/\/powergps.pl\/obsluga\/wp-json\/wp\/v2\/types\/page"}],"author":[{"embeddable":true,"href":"http:\/\/powergps.pl\/obsluga\/wp-json\/wp\/v2\/users\/1"}],"replies":[{"embeddable":true,"href":"http:\/\/powergps.pl\/obsluga\/wp-json\/wp\/v2\/comments?post=865"}],"version-history":[{"count":3,"href":"http:\/\/powergps.pl\/obsluga\/wp-json\/wp\/v2\/pages\/865\/revisions"}],"predecessor-version":[{"id":901,"href":"http:\/\/powergps.pl\/obsluga\/wp-json\/wp\/v2\/pages\/865\/revisions\/901"}],"wp:attachment":[{"href":"http:\/\/powergps.pl\/obsluga\/wp-json\/wp\/v2\/media?parent=865"}],"curies":[{"name":"wp","href":"https:\/\/api.w.org\/{rel}","templated":true}]}}