{"id":881,"date":"2014-08-12T04:24:39","date_gmt":"2014-08-12T02:24:39","guid":{"rendered":"http:\/\/powergps.pl\/obsluga\/?page_id=881"},"modified":"2014-08-12T18:16:12","modified_gmt":"2014-08-12T16:16:12","slug":"poprawiamy-pomiar-gps-wczesniej-pomierzonego-punktu","status":"publish","type":"page","link":"http:\/\/powergps.pl\/obsluga\/poprawiamy-pomiar-gps-wczesniej-pomierzonego-punktu\/","title":{"rendered":"Poprawiamy pomiar GPS wcze\u015bniej pomierzonego punktu"},"content":{"rendered":"<p>Pomiary GPS maj\u0105 to do siebie, i\u017c wynik nie zawsze b\u0119dzie gwarantowany &#8211; w ko\u0144cu jest wiele parametr\u00f3w, jakie mog\u0105 wp\u0142ywa\u0107 na precyzj\u0119 pomiaru. W trakcie pomiar\u00f3w mo\u017ce zaj\u015b\u0107 sytuacja, w kt\u00f3rej pierwotnie zmierzony punkt b\u0119dziemy chcieli &#8222;poprawi\u0107&#8221; (czyli zmierzy\u0107 ponownie).<br \/>\nInna sytuacja wymagaj\u0105ca pomiaru istniej\u0105cego punktu to szkicowanie, w kt\u00f3rym najpierw r\u0119cznie (&#8222;na oko&#8221;) wstawiamy punkt i zakre\u015blamy geometri\u0119, a nast\u0119pnie wykonujemy pomiar &#8211; i chcieliby\u015bmy, aby punkt ze szkicu zosta\u0142 zaktualizowany w trakcie pomiaru.<\/p>\n<p>Jak tego zatem dokona\u0107?<\/p>\n<h2>Powt\u00f3rny pomiar GPS istniej\u0105cego punktu<\/h2>\n<p>Aby dokona\u0107 pomiaru GPS istniej\u0105cego punktu przechodzimy do trybu pomiaru GPS, wciskaj\u0105c ikon\u0119 <strong>Pomiar GPS<\/strong><strong>\u00a0<\/strong>(w tym momencie zak\u0142adamy, \u017ce modu\u0142 GPS jest ju\u017c w\u0142\u0105czony i aktywny).<\/p>\n<p>Zaznaczamy r\u00f3wnie\u017c punkt, jaki chcieliby\u015bmy zmieni\u0107 &#8211; w trybie edycji (czyli wciskamy przycisk <strong>Edycja<\/strong> po prawej stronie i klikamy w punkt, ewentualnie szukamy go przy pomocy opcji <strong>Szukaj &#8211;\u00a0<\/strong>po wyszukaniu r\u00f3wnie\u017c b\u0119dzie zaznaczony).<\/p>\n<p>W trybie zaznaczania dost\u0119pne b\u0119d\u0105 przyciski do zmiany numeru, wsp\u00f3\u0142rz\u0119dnych, w\u015br\u00f3d nich b\u0119dzie przycisk <strong>Wi\u0119cej<\/strong>, kt\u00f3ry klikamy. Po pojawieniu si\u0119 menu z opcjami wybieramy opcj\u0119 <strong>Pomierz poprzez GPS<\/strong> (ew. Pomierz poprzez GPS#2, je\u015bli chcemy wykorzysta\u0107 do tego modu\u0142 alternatywny, czyli GPS nr 2).<\/p>\n<p>Je\u015bli pomiar jest mo\u017cliwy (spe\u0142nia warunki filtra), zostanie dokonany, a wsp\u00f3\u0142rz\u0119dna zostanie zmieniona. Oczywi\u015bcie wszelkie parametry z pomiaru GPS w postaci kluczy i atrybut\u00f3w r\u00f3wnie\u017c zostan\u0105 przypisane do punktu i zast\u0105pi\u0105 stare parametry z poprzedniego pomiaru.<\/p>\n<p><strong>Uwaga!<\/strong> Je\u015bli w podany spos\u00f3b zmierzyli\u015bmy punkt, kt\u00f3re wsp\u00f3\u0142rz\u0119dne s\u0105 blokowane np. przez zadania lub offsety (np. mamy wci\u0119cie liniowe, kt\u00f3re wyznacza ten punkt), zmiana wsp\u00f3\u0142rz\u0119dnych przez GPS nie b\u0119dzie zrealizowana w spos\u00f3b jaki oczekujemy. Podanym sposobem najlepiej jest mierzy\u0107 punkty, kt\u00f3re s\u0105 baz\u0105 (podstaw\u0105) do innych oblicze\u0144 offsetowych.<\/p>\n<h2>Do czego mo\u017cna wykorzysta\u0107 t\u0119 funkcj\u0119?<\/h2>\n<p>Funkcja mo\u017ce by\u0107 wykorzystana do nast\u0119puj\u0105cych dzia\u0142a\u0144:<\/p>\n<ul>\n<li><strong>do korekty istniej\u0105cego pomiaru<\/strong> &#8211; je\u015bli mamy w\u0105tpliwo\u015bci czy wcze\u015bniej wykonany pomiar by\u0142 poprawny mo\u017cemy doda\u0107 nowy punkt, lub te\u017c wygodniej &#8211; zmieni\u0107 istniej\u0105cy &#8211; zast\u0105pi\u0107 go nowym, lepszym pomiarem<\/li>\n<li><strong>do realizowania pomiaru GPS na istniej\u0105cym cyfrowym szkicu polowym<\/strong> &#8211; wygodniej jest bowiem najpierw wykona\u0107 szkic polowy (tak jak robi\u0142o si\u0119 to dawniej, gdy szkic by\u0142 wykonywany o\u0142\u00f3wkiem) i opisa\u0107 go &#8222;hurtem&#8221;, a dopiero potem uzupe\u0142nia\u0107 go dokonanymi pomiarami. Optymalizujmy sobie prac\u0119! Pomiar z opisywaniem mo\u017ce wymaga\u0107 wi\u0119kszej ilo\u015bci prze\u0142\u0105czania si\u0119 pomi\u0119dzy trybami pomiaru i opisywania &#8211; a tutaj najpierw po\u015bwi\u0119camy czas na jeden typ czynno\u015bci, a potem na drugi<\/li>\n<li><strong>do aktualizacji istniej\u0105cej mapy<\/strong> (np. pozyskanej z mniejsz\u0105 dok\u0142adno\u015bci\u0105, kt\u00f3rej szczeg\u00f3\u0142y sytuacyjne chcemy pomierzy\u0107 dok\u0142adniej)<\/li>\n<\/ul>\n","protected":false},"excerpt":{"rendered":"<p>Pomiary GPS maj\u0105 to do siebie, i\u017c wynik nie zawsze b\u0119dzie gwarantowany &#8211; w ko\u0144cu jest wiele parametr\u00f3w, jakie mog\u0105 wp\u0142ywa\u0107 na precyzj\u0119 pomiaru. W trakcie pomiar\u00f3w mo\u017ce zaj\u015b\u0107 sytuacja,<\/p>\n","protected":false},"author":1,"featured_media":0,"parent":0,"menu_order":0,"comment_status":"open","ping_status":"open","template":"","meta":[],"_links":{"self":[{"href":"http:\/\/powergps.pl\/obsluga\/wp-json\/wp\/v2\/pages\/881"}],"collection":[{"href":"http:\/\/powergps.pl\/obsluga\/wp-json\/wp\/v2\/pages"}],"about":[{"href":"http:\/\/powergps.pl\/obsluga\/wp-json\/wp\/v2\/types\/page"}],"author":[{"embeddable":true,"href":"http:\/\/powergps.pl\/obsluga\/wp-json\/wp\/v2\/users\/1"}],"replies":[{"embeddable":true,"href":"http:\/\/powergps.pl\/obsluga\/wp-json\/wp\/v2\/comments?post=881"}],"version-history":[{"count":4,"href":"http:\/\/powergps.pl\/obsluga\/wp-json\/wp\/v2\/pages\/881\/revisions"}],"predecessor-version":[{"id":892,"href":"http:\/\/powergps.pl\/obsluga\/wp-json\/wp\/v2\/pages\/881\/revisions\/892"}],"wp:attachment":[{"href":"http:\/\/powergps.pl\/obsluga\/wp-json\/wp\/v2\/media?parent=881"}],"curies":[{"name":"wp","href":"https:\/\/api.w.org\/{rel}","templated":true}]}}