{"id":955,"date":"2014-11-19T02:49:22","date_gmt":"2014-11-19T01:49:22","guid":{"rendered":"http:\/\/powergps.pl\/obsluga\/?page_id=955"},"modified":"2020-11-21T04:37:31","modified_gmt":"2020-11-21T03:37:31","slug":"samouczki","status":"publish","type":"page","link":"http:\/\/powergps.pl\/obsluga\/samouczki\/","title":{"rendered":"Samouczki"},"content":{"rendered":"<p>Instrukcja obs\u0142ugi <a href=\"http:\/\/powergps.pl\/instrukcja\">znajduje si\u0119 pod tym adresem<\/a>.<\/p>\n<p>Szybki spos\u00f3b gdy aplikacja nie chce ruszy\u0107 &#8211; <a href=\"http:\/\/powergps.pl\/obsluga\/uprawnienia-w-androidzie-pomocne-w-uruchamianiu-aplikacji\">pod tym linkiem<\/a>.<\/p>\n<p>Instrukta\u017cowe filmy video dost\u0119pne s\u0105 poni\u017cej &#8211; wybierz temat, usi\u0105d\u017a wygodnie i ogl\u0105daj!<\/p>\n<ul>\n<li><a href=\"https:\/\/www.youtube.com\/watch?v=32L_BOIMABs\">#IPG05 &#8211; Punkty osnowy &#8211; VideoInstrukcja PowerGPS II<\/a><\/li>\n<li><a href=\"https:\/\/www.youtube.com\/watch?v=Jl4szwAiX_k\">#IPG09 &#8211; Sygnalizacja przekrocze\u0144 filtra GPS &#8211; VideoInstrukcja PowerGPS II<\/a><\/li>\n<li><a href=\"https:\/\/www.youtube.com\/watch?v=HzYWRb6tlOY\">#IPG10 &#8211; Pomiary dzia\u0142ek cz. I (TEREN) &#8211; VideoInstrukcja PowerGPS II<\/a><\/li>\n<li><a href=\"https:\/\/www.youtube.com\/watch?v=FePyOqSapX8\">#IPG11 &#8211; Pomiary dzia\u0142ek cz. II (WEKTORYZACJE) &#8211; VideoInstrukcja PowerGPS II<\/a><\/li>\n<li><a href=\"https:\/\/www.youtube.com\/watch?v=mJpmxp7nov0\">#IPG12 &#8211; Tyczenie &#8211; domiary prostok\u0105tne &#8211; VideoInstrukcja PowerGPS II<\/a><\/li>\n<li><a href=\"https:\/\/www.youtube.com\/watch?v=V720ioGs0L0\">#IPG15 &#8211; Pomiary offsetowe &#8211; VideoInstrukcja PowerGPS II<\/a><\/li>\n<li><a href=\"https:\/\/www.youtube.com\/watch?v=6wgIuCtaaCA\">#IPG17 &#8211; Nowe zadania w PowerGPS &#8211; VideoInstrukcja PowerGPS II<\/a><\/li>\n<li><a href=\"https:\/\/www.youtube.com\/watch?v=2-YLiUsUJjk\">#IPG19 &#8211; Szybkie kody &#8211; VideoInstrukcja PowerGPS II<\/a><\/li>\n<li><a href=\"https:\/\/www.youtube.com\/watch?v=SxMhHbZioCU\">#IPG22 &#8211; Podstawy wpasowania poziomego &#8211; VideoInstrukcja PowerGPS II<\/a><\/li>\n<li><a href=\"https:\/\/www.youtube.com\/watch?v=PXjURX36hgo\">#IPG34 &#8211; Generatory punkt\u00f3w i dynamika zada\u0144 &#8211; VideoInstrukcja PowerGPS II<\/a><\/li>\n<li><a href=\"https:\/\/www.youtube.com\/watch?v=G1bdietLDzc\">#IPG36 &#8211; Nowy tryb pracy Disto &#8211; VideoInstrukcja PowerGPS II<\/a><\/li>\n<li><a href=\"https:\/\/www.youtube.com\/watch?v=BHNdhEnPCnI\">#IPG37 &#8211; Konfiguracje log\u00f3w i zapisu &#8211; VideoInstrukcja PowerGPS II<\/a><\/li>\n<li><a href=\"https:\/\/www.youtube.com\/watch?v=Z7VKd2Ub3Ao\">#IPG38 &#8211; Import plik\u00f3w Shapefile &#8211; VideoInstrukcja PowerGPS II<\/a><\/li>\n<li><a href=\"https:\/\/www.youtube.com\/watch?v=QJbu4L6OfTY\">Pomiary w wychyleniu z Ruide R6i i Polar H3 &#8211; VideoBlog PG odc.15<\/a><\/li>\n<li><a href=\"https:\/\/www.youtube.com\/watch?v=5prIs2cN2DQ\">Sondowanie dynamiczne z PowerGPS &#8211; VideoBlog PG odc.14<\/a><\/li>\n<li><a href=\"https:\/\/www.youtube.com\/watch?v=mShXhhKLVdI\">Testy odbiornik\u00f3w RTK Septentrio NR2 i Ruide S680 &#8211; VideoBlog PG odc.13<\/a><\/li>\n<li><a href=\"https:\/\/www.youtube.com\/watch?v=nKpWbz-giwY\">Szybsze pomiary z Cyfrotyczk\u0105 &#8211; VideoBlog PG odc. 12<\/a><\/li>\n<li><a href=\"https:\/\/www.youtube.com\/watch?v=1Km-XEpWvT0\">Diagnostyka i logi serwisowe &#8211; Videoblog PG odc. 11<\/a><\/li>\n<li><a href=\"https:\/\/www.youtube.com\/watch?v=02Zixs2bPRE\">Dwie metody inicjalizacji RTK Satlab SLC &#8211; Videoblog PG odc. 10<\/a><\/li>\n<li><a href=\"https:\/\/www.youtube.com\/watch?v=xawuLTvAOWU\">Mierzymy powierzchni\u0119 z PowerGPSem i odbiornikiem Hemisphere A325<\/a><\/li>\n<li><a href=\"https:\/\/www.youtube.com\/watch?v=sgsI01p9WNs\">VideoBlog PowerGPS &#8211; odc. 8 &#8211; Tachimetr, cz\u0119\u015b\u0107 1\/3<\/a><\/li>\n<li><a href=\"https:\/\/www.youtube.com\/watch?v=eWe9KHy_Csw\">VideoBlog PowerGPS &#8211; odc. 8 &#8211; Tachimetr, cz\u0119\u015b\u0107 2\/3<\/a><\/li>\n<li><a href=\"https:\/\/www.youtube.com\/watch?v=FFEPLPrpo2g\">VideoBlog PowerGPS &#8211; odc. 8 &#8211; Tachimetr, cz\u0119\u015b\u0107 3\/3<\/a><\/li>\n<li><a href=\"https:\/\/www.youtube.com\/watch?v=Ji3y-M7KHns\">Parowanie dalmierzy Bluetooth w Androidzie<\/a><\/li>\n<li><a href=\"https:\/\/www.youtube.com\/watch?v=fCprZM5Rh-c\">Dalmierze z Bluetooth &#8211; p\u0142aszczyzny odniesienia<\/a><\/li>\n<li><a href=\"https:\/\/www.youtube.com\/watch?v=p2vml6DO-Tw\">Android RTK PowerGPS &#8211; cz. II : Mierzymy!<\/a><\/li>\n<li><a href=\"https:\/\/www.youtube.com\/watch?v=t547qsEeJfc\">Android RTK PowerGPS &#8211; cz. I : Konfiguracja<\/a><\/li>\n<\/ul>\n<p>Samouczki w postaci stron www na blogu:<\/p>\n<ul>\n<li><a href=\"http:\/\/powergps.pl\/obsluga\/korekta-wpasowania-poziomego-na-androidzie\">Korekta wpasowania poziomego na Androidzie<\/a><\/li>\n<li><a href=\"http:\/\/powergps.pl\/obsluga\/diagnostyka-komunikacji-z-gps\/\">Diagnostyka komunikacji z GPS<\/a><\/li>\n<li><a href=\"http:\/\/powergps.pl\/obsluga\/brak-geoid-do-wyboru\/\">Rozwi\u0105zywanie problem\u00f3w &#8211; brak geoid do wyboru<\/a><\/li>\n<li><a href=\"http:\/\/powergps.pl\/obsluga\/android10\/\">Wsparcie systemu Android 10<\/a><\/li>\n<\/ul>\n","protected":false},"excerpt":{"rendered":"<p>Instrukcja obs\u0142ugi znajduje si\u0119 pod tym adresem. Szybki spos\u00f3b gdy aplikacja nie chce ruszy\u0107 &#8211; pod tym linkiem. Instrukta\u017cowe filmy video dost\u0119pne s\u0105 poni\u017cej &#8211; wybierz temat, usi\u0105d\u017a wygodnie i<\/p>\n","protected":false},"author":1,"featured_media":0,"parent":0,"menu_order":0,"comment_status":"open","ping_status":"open","template":"","meta":[],"_links":{"self":[{"href":"http:\/\/powergps.pl\/obsluga\/wp-json\/wp\/v2\/pages\/955"}],"collection":[{"href":"http:\/\/powergps.pl\/obsluga\/wp-json\/wp\/v2\/pages"}],"about":[{"href":"http:\/\/powergps.pl\/obsluga\/wp-json\/wp\/v2\/types\/page"}],"author":[{"embeddable":true,"href":"http:\/\/powergps.pl\/obsluga\/wp-json\/wp\/v2\/users\/1"}],"replies":[{"embeddable":true,"href":"http:\/\/powergps.pl\/obsluga\/wp-json\/wp\/v2\/comments?post=955"}],"version-history":[{"count":16,"href":"http:\/\/powergps.pl\/obsluga\/wp-json\/wp\/v2\/pages\/955\/revisions"}],"predecessor-version":[{"id":2387,"href":"http:\/\/powergps.pl\/obsluga\/wp-json\/wp\/v2\/pages\/955\/revisions\/2387"}],"wp:attachment":[{"href":"http:\/\/powergps.pl\/obsluga\/wp-json\/wp\/v2\/media?parent=955"}],"curies":[{"name":"wp","href":"https:\/\/api.w.org\/{rel}","templated":true}]}}